
{"id":999,"date":"2024-12-01T23:00:21","date_gmt":"2024-12-01T22:00:21","guid":{"rendered":"https:\/\/jeumpa.fr\/?post_type=product&#038;p=999"},"modified":"2024-12-01T23:09:48","modified_gmt":"2024-12-01T22:09:48","slug":"999","status":"publish","type":"product","link":"https:\/\/jeumpa.fr\/index.php\/product\/999\/","title":{"rendered":"Bakso Sapi"},"content":{"rendered":"<p><strong>Boulette de Viande Bakso<\/strong><\/p>\n<p>D\u00e9couvrez le go\u00fbt authentique de l&rsquo;Indon\u00e9sie avec nos boulettes de viande Bakso, confectionn\u00e9es avec soin pour ravir vos papilles.<\/p>\n<ul>\n<li><strong>Qualit\u00e9 Sup\u00e9rieure<\/strong> : Fabriqu\u00e9es \u00e0 partir de viande de b\u0153uf de premi\u00e8re qualit\u00e9, m\u00e9lang\u00e9e \u00e0 de la farine de tapioca et des \u00e9pices savoureuses, nos boulettes de viande offrent une texture tendre et juteuse.<\/li>\n<li><strong>Parfaitement Assaisonn\u00e9es<\/strong> : Chaque boulette est infus\u00e9e d&rsquo;un m\u00e9lange \u00e9quilibr\u00e9 d&rsquo;\u00e9pices traditionnelles<\/li>\n<li><strong>Versatilit\u00e9<\/strong> : Id\u00e9ales comme snack ou pour \u00eatre servies dans une soupe traditionnelle, grill\u00e9es, ou m\u00eame saut\u00e9es avec des l\u00e9gumes pour un plat principal d\u00e9licieux et rapide.<\/li>\n<\/ul>\n<p>Offrez-vous une exp\u00e9rience culinaire exceptionnelle avec nos boulettes de viande Bakso. Commandez d\u00e8s maintenant et apportez une touche d&rsquo;exotisme \u00e0 vos repas !<\/p>\n<p>(vendu par 10)<\/p>\n","protected":false},"excerpt":{"rendered":"<div id=\"btJENK3ZWKfWyQXJPPhQ4-user-message\" tabindex=\"0\" role=\"article\" data-tabster=\"{&quot;groupper&quot;:{&quot;tabbability&quot;:2},&quot;focusable&quot;:{}}\" aria-labelledby=\"btJENK3ZWKfWyQXJPPhQ4-user-message\">\n<div class=\"flex w-full flex-col items-end\" data-content=\"user-message\">\n<div id=\"btJENK3ZWKfWyQXJPPhQ4-user-message\" tabindex=\"0\" role=\"article\" data-tabster=\"{&quot;groupper&quot;:{&quot;tabbability&quot;:2},&quot;focusable&quot;:{}}\" aria-labelledby=\"btJENK3ZWKfWyQXJPPhQ4-user-message\">\n<div class=\"flex w-full flex-col items-end\" data-content=\"user-message\"><strong>Boulette de Viande Bakso<\/strong> : Des boulettes de b\u0153uf tendres et juteuses, parfaitement assaisonn\u00e9es avec des \u00e9pices traditionnelles indon\u00e9siennes. Id\u00e9ales comme snack ou pour des soupes, grill\u00e9es ou saut\u00e9es.<\/div>\n<\/div>\n<\/div>\n<\/div>\n<div data-content=\"user-message\"><\/div>\n<div data-content=\"user-message\">(vendu par 10)<\/div>\n","protected":false},"featured_media":1000,"comment_status":"open","ping_status":"closed","template":"","meta":{"jetpack_post_was_ever_published":false},"product_brand":[],"product_cat":[28,31,22],"product_tag":[],"class_list":{"0":"post-999","1":"product","2":"type-product","3":"status-publish","4":"has-post-thumbnail","6":"product_cat-sans-gluten","7":"product_cat-sans-lactose","8":"product_cat-snacks-sales","10":"first","11":"onbackorder","12":"shipping-taxable","13":"purchasable","14":"product-type-simple"},"jetpack_sharing_enabled":true,"wcpa_form_fields":null,"_links":{"self":[{"href":"https:\/\/jeumpa.fr\/index.php\/wp-json\/wp\/v2\/product\/999","targetHints":{"allow":["GET"]}}],"collection":[{"href":"https:\/\/jeumpa.fr\/index.php\/wp-json\/wp\/v2\/product"}],"about":[{"href":"https:\/\/jeumpa.fr\/index.php\/wp-json\/wp\/v2\/types\/product"}],"replies":[{"embeddable":true,"href":"https:\/\/jeumpa.fr\/index.php\/wp-json\/wp\/v2\/comments?post=999"}],"wp:featuredmedia":[{"embeddable":true,"href":"https:\/\/jeumpa.fr\/index.php\/wp-json\/wp\/v2\/media\/1000"}],"wp:attachment":[{"href":"https:\/\/jeumpa.fr\/index.php\/wp-json\/wp\/v2\/media?parent=999"}],"wp:term":[{"taxonomy":"product_brand","embeddable":true,"href":"https:\/\/jeumpa.fr\/index.php\/wp-json\/wp\/v2\/product_brand?post=999"},{"taxonomy":"product_cat","embeddable":true,"href":"https:\/\/jeumpa.fr\/index.php\/wp-json\/wp\/v2\/product_cat?post=999"},{"taxonomy":"product_tag","embeddable":true,"href":"https:\/\/jeumpa.fr\/index.php\/wp-json\/wp\/v2\/product_tag?post=999"}],"curies":[{"name":"wp","href":"https:\/\/api.w.org\/{rel}","templated":true}]}}