
{"id":997,"date":"2024-12-01T22:54:56","date_gmt":"2024-12-01T21:54:56","guid":{"rendered":"https:\/\/jeumpa.fr\/?post_type=product&#038;p=997"},"modified":"2024-12-01T23:09:20","modified_gmt":"2024-12-01T22:09:20","slug":"arem-arem","status":"publish","type":"product","link":"https:\/\/jeumpa.fr\/index.php\/product\/arem-arem\/","title":{"rendered":"Arem-Arem"},"content":{"rendered":"<p>L&rsquo;arem-arem est une collation traditionnelle javanaise, populaire en Indon\u00e9sie.<\/p>\n<ol start=\"1\">\n<li><strong>Description<\/strong> : Il s&rsquo;agit de rouleaux de riz cuit \u00e0 la vapeur, remplis de viande hach\u00e9e, de l\u00e9gumes, ou d&rsquo;autres ingr\u00e9dients savoureux.<\/li>\n<li><strong>Emballage<\/strong> : Les rouleaux sont souvent envelopp\u00e9s dans des feuilles de bananier pour les cuire \u00e0 la vapeur, ce qui ajoute une saveur et un ar\u00f4me uniques.<\/li>\n<\/ol>\n<p>Les arem-arem sont appr\u00e9ci\u00e9s pour leur praticit\u00e9 et leur capacit\u00e9 \u00e0 \u00eatre d\u00e9gust\u00e9s sur le pouce. C&rsquo;est une collation parfaite pour commencer la journ\u00e9e ou pour une pause rapide dans l&rsquo;apr\u00e8s-midi.<\/p>\n<p>(vendu par 3)<\/p>\n","protected":false},"excerpt":{"rendered":"<p>Rouleaux de riz cuit \u00e0 la vapeur, remplis de viande hach\u00e9e, de l\u00e9gumes, ou d&rsquo;autres ingr\u00e9dients savoureux.<\/p>\n<p>(vendu par 3)<\/p>\n","protected":false},"featured_media":998,"comment_status":"open","ping_status":"closed","template":"","meta":{"jetpack_post_was_ever_published":false},"product_brand":[],"product_cat":[28,31,22],"product_tag":[],"class_list":{"0":"post-997","1":"product","2":"type-product","3":"status-publish","4":"has-post-thumbnail","6":"product_cat-sans-gluten","7":"product_cat-sans-lactose","8":"product_cat-snacks-sales","10":"first","11":"onbackorder","12":"shipping-taxable","13":"purchasable","14":"product-type-simple"},"jetpack_sharing_enabled":true,"wcpa_form_fields":null,"_links":{"self":[{"href":"https:\/\/jeumpa.fr\/index.php\/wp-json\/wp\/v2\/product\/997","targetHints":{"allow":["GET"]}}],"collection":[{"href":"https:\/\/jeumpa.fr\/index.php\/wp-json\/wp\/v2\/product"}],"about":[{"href":"https:\/\/jeumpa.fr\/index.php\/wp-json\/wp\/v2\/types\/product"}],"replies":[{"embeddable":true,"href":"https:\/\/jeumpa.fr\/index.php\/wp-json\/wp\/v2\/comments?post=997"}],"wp:featuredmedia":[{"embeddable":true,"href":"https:\/\/jeumpa.fr\/index.php\/wp-json\/wp\/v2\/media\/998"}],"wp:attachment":[{"href":"https:\/\/jeumpa.fr\/index.php\/wp-json\/wp\/v2\/media?parent=997"}],"wp:term":[{"taxonomy":"product_brand","embeddable":true,"href":"https:\/\/jeumpa.fr\/index.php\/wp-json\/wp\/v2\/product_brand?post=997"},{"taxonomy":"product_cat","embeddable":true,"href":"https:\/\/jeumpa.fr\/index.php\/wp-json\/wp\/v2\/product_cat?post=997"},{"taxonomy":"product_tag","embeddable":true,"href":"https:\/\/jeumpa.fr\/index.php\/wp-json\/wp\/v2\/product_tag?post=997"}],"curies":[{"name":"wp","href":"https:\/\/api.w.org\/{rel}","templated":true}]}}