
{"id":995,"date":"2024-12-01T22:49:51","date_gmt":"2024-12-01T21:49:51","guid":{"rendered":"https:\/\/jeumpa.fr\/?post_type=product&#038;p=995"},"modified":"2025-01-03T01:02:07","modified_gmt":"2025-01-03T00:02:07","slug":"martabak","status":"publish","type":"product","link":"https:\/\/jeumpa.fr\/index.php\/product\/martabak\/","title":{"rendered":"Martabak"},"content":{"rendered":"<div id=\"DNNRAvX59pttd6mBqAdQk-user-message\" tabindex=\"0\" role=\"article\" data-tabster=\"{&quot;groupper&quot;:{&quot;tabbability&quot;:2},&quot;focusable&quot;:{}}\" aria-labelledby=\"DNNRAvX59pttd6mBqAdQk-user-message\">\n<div class=\"flex w-full flex-col items-end\" data-content=\"user-message\">Le martabak est une sp\u00e9cialit\u00e9 de la cuisine de rue indon\u00e9sienne qui apporte des saveurs vibrantes.<\/div>\n<\/div>\n<div tabindex=\"0\" role=\"article\" data-tabster=\"{&quot;groupper&quot;:{&quot;tabbability&quot;:2},&quot;focusable&quot;:{}}\" data-content=\"ai-message\" aria-labelledby=\"D2KLEy9SCjZaku9RnUksg-author D2KLEy9SCjZaku9RnUksg-content\">\n<div id=\"D2KLEy9SCjZaku9RnUksg-content\" class=\"space-y-3 break-words\">\n<p><strong>Martabak sal\u00e9 (Martabak Telur)<\/strong> :<\/p>\n<ol start=\"1\">\n<li><strong>Garniture<\/strong> : Un m\u00e9lange d\u00e9licieux d&rsquo;\u0153ufs, de viande hach\u00e9e (ici du boeuf) du poireau et des \u00e9pices.<\/li>\n<li><strong>Cro\u00fbte<\/strong> : la garniture est envelopp\u00e9e dans une p\u00e2te fine et croustillante qui est frite \u00e0 la po\u00eale jusqu&rsquo;\u00e0 ce qu&rsquo;elle soit dor\u00e9e. Chez jeumpa la quantit\u00e9 d&rsquo;huile utilis\u00e9e est minimis\u00e9e (juste pour colorer) et la cuisson est termin\u00e9e au air fryer.<\/li>\n<\/ol>\n<p>(vendu par 3)<\/p>\n<\/div>\n<\/div>\n","protected":false},"excerpt":{"rendered":"<p>Garniture d&rsquo;\u0153ufs, de viande hach\u00e9e (ici du b\u0153uf) du poireau et des \u00e9pices le tout envelopp\u00e9e dans une p\u00e2te fine et croustillante.<\/p>\n<p>(vendu par 3)<\/p>\n","protected":false},"featured_media":1307,"comment_status":"open","ping_status":"closed","template":"","meta":{"jetpack_post_was_ever_published":false},"product_brand":[],"product_cat":[31,22],"product_tag":[],"class_list":{"0":"post-995","1":"product","2":"type-product","3":"status-publish","4":"has-post-thumbnail","6":"product_cat-sans-lactose","7":"product_cat-snacks-sales","9":"first","10":"onbackorder","11":"shipping-taxable","12":"purchasable","13":"product-type-simple"},"jetpack_sharing_enabled":true,"wcpa_form_fields":null,"_links":{"self":[{"href":"https:\/\/jeumpa.fr\/index.php\/wp-json\/wp\/v2\/product\/995","targetHints":{"allow":["GET"]}}],"collection":[{"href":"https:\/\/jeumpa.fr\/index.php\/wp-json\/wp\/v2\/product"}],"about":[{"href":"https:\/\/jeumpa.fr\/index.php\/wp-json\/wp\/v2\/types\/product"}],"replies":[{"embeddable":true,"href":"https:\/\/jeumpa.fr\/index.php\/wp-json\/wp\/v2\/comments?post=995"}],"wp:featuredmedia":[{"embeddable":true,"href":"https:\/\/jeumpa.fr\/index.php\/wp-json\/wp\/v2\/media\/1307"}],"wp:attachment":[{"href":"https:\/\/jeumpa.fr\/index.php\/wp-json\/wp\/v2\/media?parent=995"}],"wp:term":[{"taxonomy":"product_brand","embeddable":true,"href":"https:\/\/jeumpa.fr\/index.php\/wp-json\/wp\/v2\/product_brand?post=995"},{"taxonomy":"product_cat","embeddable":true,"href":"https:\/\/jeumpa.fr\/index.php\/wp-json\/wp\/v2\/product_cat?post=995"},{"taxonomy":"product_tag","embeddable":true,"href":"https:\/\/jeumpa.fr\/index.php\/wp-json\/wp\/v2\/product_tag?post=995"}],"curies":[{"name":"wp","href":"https:\/\/api.w.org\/{rel}","templated":true}]}}