
{"id":987,"date":"2024-12-01T22:18:33","date_gmt":"2024-12-01T21:18:33","guid":{"rendered":"https:\/\/jeumpa.fr\/?post_type=product&#038;p=987"},"modified":"2024-12-01T23:09:38","modified_gmt":"2024-12-01T22:09:38","slug":"kue-talam-ijo","status":"publish","type":"product","link":"https:\/\/jeumpa.fr\/index.php\/product\/kue-talam-ijo\/","title":{"rendered":"Kue talam Ijo"},"content":{"rendered":"<p>Le <strong>kue talam ijo<\/strong> est un dessert en couches embl\u00e9matique de la cuisine indon\u00e9sienne, appr\u00e9ci\u00e9 pour sa texture douce et son aspect visuellement attrayant. Sa saveur combine le go\u00fbt herbac\u00e9 et subtil du pandan avec la richesse cr\u00e9meuse du lait de coco, cr\u00e9ant une exp\u00e9rience gourmande et \u00e9quilibr\u00e9e.<\/p>\n<p>(vendu par 2)<\/p>\n","protected":false},"excerpt":{"rendered":"<p>Le <strong>kue talam ijo<\/strong> est un dessert en couches embl\u00e9matique de la cuisine indon\u00e9sienne, appr\u00e9ci\u00e9 pour sa texture douce et son aspect visuellement attrayant. Sa saveur combine le go\u00fbt herbac\u00e9 et subtil du pandan avec la richesse cr\u00e9meuse du lait de coco, cr\u00e9ant une exp\u00e9rience gourmande et \u00e9quilibr\u00e9e.<\/p>\n<p>(vendu par 2)<\/p>\n","protected":false},"featured_media":988,"comment_status":"open","ping_status":"closed","template":"","meta":{"jetpack_post_was_ever_published":false},"product_brand":[],"product_cat":[28,21],"product_tag":[],"class_list":{"0":"post-987","1":"product","2":"type-product","3":"status-publish","4":"has-post-thumbnail","6":"product_cat-sans-gluten","7":"product_cat-snacks-sucres","9":"first","10":"onbackorder","11":"shipping-taxable","12":"purchasable","13":"product-type-simple"},"jetpack_sharing_enabled":true,"wcpa_form_fields":null,"_links":{"self":[{"href":"https:\/\/jeumpa.fr\/index.php\/wp-json\/wp\/v2\/product\/987","targetHints":{"allow":["GET"]}}],"collection":[{"href":"https:\/\/jeumpa.fr\/index.php\/wp-json\/wp\/v2\/product"}],"about":[{"href":"https:\/\/jeumpa.fr\/index.php\/wp-json\/wp\/v2\/types\/product"}],"replies":[{"embeddable":true,"href":"https:\/\/jeumpa.fr\/index.php\/wp-json\/wp\/v2\/comments?post=987"}],"wp:featuredmedia":[{"embeddable":true,"href":"https:\/\/jeumpa.fr\/index.php\/wp-json\/wp\/v2\/media\/988"}],"wp:attachment":[{"href":"https:\/\/jeumpa.fr\/index.php\/wp-json\/wp\/v2\/media?parent=987"}],"wp:term":[{"taxonomy":"product_brand","embeddable":true,"href":"https:\/\/jeumpa.fr\/index.php\/wp-json\/wp\/v2\/product_brand?post=987"},{"taxonomy":"product_cat","embeddable":true,"href":"https:\/\/jeumpa.fr\/index.php\/wp-json\/wp\/v2\/product_cat?post=987"},{"taxonomy":"product_tag","embeddable":true,"href":"https:\/\/jeumpa.fr\/index.php\/wp-json\/wp\/v2\/product_tag?post=987"}],"curies":[{"name":"wp","href":"https:\/\/api.w.org\/{rel}","templated":true}]}}