
{"id":985,"date":"2024-12-01T22:01:17","date_gmt":"2024-12-01T21:01:17","guid":{"rendered":"https:\/\/jeumpa.fr\/?post_type=product&#038;p=985"},"modified":"2024-12-01T22:30:06","modified_gmt":"2024-12-01T21:30:06","slug":"pudding-gula-jawa","status":"publish","type":"product","link":"https:\/\/jeumpa.fr\/index.php\/product\/pudding-gula-jawa\/","title":{"rendered":"Pudding Gula jawa"},"content":{"rendered":"<p>Un dessert indon\u00e9sien classique, raffin\u00e9 et onctueux, combinant la douceur caram\u00e9lis\u00e9e du gula jawa (sucre de palme), la richesse du lait de coco, et la l\u00e9g\u00e8ret\u00e9 fondante de l\u2019agar-agar. Une harmonie parfaite de saveurs tropicales et de textures d\u00e9licates.<\/p>\n<p>(vendu \u00e0 l&rsquo;unit\u00e9)<\/p>\n","protected":false},"excerpt":{"rendered":"<p>Un dessert indon\u00e9sien classique, raffin\u00e9 et onctueux, combinant la douceur caram\u00e9lis\u00e9e du gula jawa (sucre de palme), la richesse du lait de coco, et la l\u00e9g\u00e8ret\u00e9 fondante de l\u2019agar-agar. Une harmonie parfaite de saveurs tropicales et de textures d\u00e9licates.<\/p>\n<p>(vendu \u00e0 l&rsquo;unit\u00e9)<\/p>\n","protected":false},"featured_media":986,"comment_status":"open","ping_status":"closed","template":"","meta":{"jetpack_post_was_ever_published":false},"product_brand":[],"product_cat":[28,31,21],"product_tag":[],"class_list":{"0":"post-985","1":"product","2":"type-product","3":"status-publish","4":"has-post-thumbnail","6":"product_cat-sans-gluten","7":"product_cat-sans-lactose","8":"product_cat-snacks-sucres","10":"first","11":"onbackorder","12":"shipping-taxable","13":"purchasable","14":"product-type-simple"},"jetpack_sharing_enabled":true,"wcpa_form_fields":null,"_links":{"self":[{"href":"https:\/\/jeumpa.fr\/index.php\/wp-json\/wp\/v2\/product\/985","targetHints":{"allow":["GET"]}}],"collection":[{"href":"https:\/\/jeumpa.fr\/index.php\/wp-json\/wp\/v2\/product"}],"about":[{"href":"https:\/\/jeumpa.fr\/index.php\/wp-json\/wp\/v2\/types\/product"}],"replies":[{"embeddable":true,"href":"https:\/\/jeumpa.fr\/index.php\/wp-json\/wp\/v2\/comments?post=985"}],"wp:featuredmedia":[{"embeddable":true,"href":"https:\/\/jeumpa.fr\/index.php\/wp-json\/wp\/v2\/media\/986"}],"wp:attachment":[{"href":"https:\/\/jeumpa.fr\/index.php\/wp-json\/wp\/v2\/media?parent=985"}],"wp:term":[{"taxonomy":"product_brand","embeddable":true,"href":"https:\/\/jeumpa.fr\/index.php\/wp-json\/wp\/v2\/product_brand?post=985"},{"taxonomy":"product_cat","embeddable":true,"href":"https:\/\/jeumpa.fr\/index.php\/wp-json\/wp\/v2\/product_cat?post=985"},{"taxonomy":"product_tag","embeddable":true,"href":"https:\/\/jeumpa.fr\/index.php\/wp-json\/wp\/v2\/product_tag?post=985"}],"curies":[{"name":"wp","href":"https:\/\/api.w.org\/{rel}","templated":true}]}}