
{"id":982,"date":"2024-12-01T21:12:36","date_gmt":"2024-12-01T20:12:36","guid":{"rendered":"https:\/\/jeumpa.fr\/?post_type=product&#038;p=982"},"modified":"2024-12-01T22:30:20","modified_gmt":"2024-12-01T21:30:20","slug":"agar-agar-mangga-et-perles-de-tapioca","status":"publish","type":"product","link":"https:\/\/jeumpa.fr\/index.php\/product\/agar-agar-mangga-et-perles-de-tapioca\/","title":{"rendered":"Agar-Agar Mangga et perles de tapioca"},"content":{"rendered":"<p>Un dessert tropical, \u00e0 la fois l\u00e9ger et gourmand, qui allie la texture ferme mais fondante de l\u2019agar-agar, la douceur ensoleill\u00e9e de la mangue m\u00fbre et la m\u00e2che d\u00e9licate des perles de tapioca. Un vrai voyage gustatif exotique !<\/p>\n<p>(vendu \u00e0 l&rsquo;unit\u00e9)<\/p>\n","protected":false},"excerpt":{"rendered":"<p>Un dessert tropical, \u00e0 la fois l\u00e9ger et gourmand, qui allie la texture ferme mais fondante de l\u2019agar-agar, la douceur ensoleill\u00e9e de la mangue m\u00fbre et la m\u00e2che d\u00e9licate des perles de tapioca. Un vrai voyage gustatif exotique !<\/p>\n<p>(vendu \u00e0 l&rsquo;unit\u00e9)<\/p>\n","protected":false},"featured_media":983,"comment_status":"open","ping_status":"closed","template":"","meta":{"jetpack_post_was_ever_published":false},"product_brand":[],"product_cat":[28,31,21],"product_tag":[],"class_list":{"0":"post-982","1":"product","2":"type-product","3":"status-publish","4":"has-post-thumbnail","6":"product_cat-sans-gluten","7":"product_cat-sans-lactose","8":"product_cat-snacks-sucres","10":"first","11":"onbackorder","12":"shipping-taxable","13":"purchasable","14":"product-type-simple"},"jetpack_sharing_enabled":true,"wcpa_form_fields":null,"_links":{"self":[{"href":"https:\/\/jeumpa.fr\/index.php\/wp-json\/wp\/v2\/product\/982","targetHints":{"allow":["GET"]}}],"collection":[{"href":"https:\/\/jeumpa.fr\/index.php\/wp-json\/wp\/v2\/product"}],"about":[{"href":"https:\/\/jeumpa.fr\/index.php\/wp-json\/wp\/v2\/types\/product"}],"replies":[{"embeddable":true,"href":"https:\/\/jeumpa.fr\/index.php\/wp-json\/wp\/v2\/comments?post=982"}],"wp:featuredmedia":[{"embeddable":true,"href":"https:\/\/jeumpa.fr\/index.php\/wp-json\/wp\/v2\/media\/983"}],"wp:attachment":[{"href":"https:\/\/jeumpa.fr\/index.php\/wp-json\/wp\/v2\/media?parent=982"}],"wp:term":[{"taxonomy":"product_brand","embeddable":true,"href":"https:\/\/jeumpa.fr\/index.php\/wp-json\/wp\/v2\/product_brand?post=982"},{"taxonomy":"product_cat","embeddable":true,"href":"https:\/\/jeumpa.fr\/index.php\/wp-json\/wp\/v2\/product_cat?post=982"},{"taxonomy":"product_tag","embeddable":true,"href":"https:\/\/jeumpa.fr\/index.php\/wp-json\/wp\/v2\/product_tag?post=982"}],"curies":[{"name":"wp","href":"https:\/\/api.w.org\/{rel}","templated":true}]}}