
{"id":980,"date":"2024-12-01T21:07:45","date_gmt":"2024-12-01T20:07:45","guid":{"rendered":"https:\/\/jeumpa.fr\/?post_type=product&#038;p=980"},"modified":"2024-12-01T22:30:37","modified_gmt":"2024-12-01T21:30:37","slug":"agar-agar-compote-et-fruit","status":"publish","type":"product","link":"https:\/\/jeumpa.fr\/index.php\/product\/agar-agar-compote-et-fruit\/","title":{"rendered":"Agar-agar compote et fruit"},"content":{"rendered":"<p>Ce dessert est une <strong>gel\u00e9e l\u00e9g\u00e8re et rafra\u00eechissante<\/strong>, parfaite pour une fin de repas ou une pause sucr\u00e9e. Il combine la texture ferme mais fondante de l\u2019agar-agar avec la douceur fruit\u00e9e de la compote et le croquant des fruits frais.<\/p>\n<p>(vendu \u00e0 l&rsquo;unit\u00e9)<\/p>\n","protected":false},"excerpt":{"rendered":"<p>Ce dessert est une <strong>gel\u00e9e l\u00e9g\u00e8re et rafra\u00eechissante<\/strong>, parfaite pour une fin de repas ou une pause sucr\u00e9e. Il combine la texture ferme mais fondante de l\u2019agar-agar avec la douceur fruit\u00e9e de la compote et le croquant des fruits frais.<\/p>\n<p>(vendu \u00e0 l&rsquo;unit\u00e9)<\/p>\n","protected":false},"featured_media":725,"comment_status":"open","ping_status":"closed","template":"","meta":{"jetpack_post_was_ever_published":false},"product_brand":[],"product_cat":[28,31,21],"product_tag":[],"class_list":{"0":"post-980","1":"product","2":"type-product","3":"status-publish","4":"has-post-thumbnail","6":"product_cat-sans-gluten","7":"product_cat-sans-lactose","8":"product_cat-snacks-sucres","10":"first","11":"onbackorder","12":"shipping-taxable","13":"purchasable","14":"product-type-simple"},"jetpack_sharing_enabled":true,"wcpa_form_fields":null,"_links":{"self":[{"href":"https:\/\/jeumpa.fr\/index.php\/wp-json\/wp\/v2\/product\/980","targetHints":{"allow":["GET"]}}],"collection":[{"href":"https:\/\/jeumpa.fr\/index.php\/wp-json\/wp\/v2\/product"}],"about":[{"href":"https:\/\/jeumpa.fr\/index.php\/wp-json\/wp\/v2\/types\/product"}],"replies":[{"embeddable":true,"href":"https:\/\/jeumpa.fr\/index.php\/wp-json\/wp\/v2\/comments?post=980"}],"wp:featuredmedia":[{"embeddable":true,"href":"https:\/\/jeumpa.fr\/index.php\/wp-json\/wp\/v2\/media\/725"}],"wp:attachment":[{"href":"https:\/\/jeumpa.fr\/index.php\/wp-json\/wp\/v2\/media?parent=980"}],"wp:term":[{"taxonomy":"product_brand","embeddable":true,"href":"https:\/\/jeumpa.fr\/index.php\/wp-json\/wp\/v2\/product_brand?post=980"},{"taxonomy":"product_cat","embeddable":true,"href":"https:\/\/jeumpa.fr\/index.php\/wp-json\/wp\/v2\/product_cat?post=980"},{"taxonomy":"product_tag","embeddable":true,"href":"https:\/\/jeumpa.fr\/index.php\/wp-json\/wp\/v2\/product_tag?post=980"}],"curies":[{"name":"wp","href":"https:\/\/api.w.org\/{rel}","templated":true}]}}