
{"id":970,"date":"2024-12-01T20:52:04","date_gmt":"2024-12-01T19:52:04","guid":{"rendered":"https:\/\/jeumpa.fr\/?post_type=product&#038;p=970"},"modified":"2024-12-01T22:31:15","modified_gmt":"2024-12-01T21:31:15","slug":"apem","status":"publish","type":"product","link":"https:\/\/jeumpa.fr\/index.php\/product\/apem\/","title":{"rendered":"Apem"},"content":{"rendered":"<p>L\u2019<strong>apem<\/strong> (ou parfois appel\u00e9 <strong>kue apem<\/strong>) est un g\u00e2teau traditionnel indon\u00e9sien, souvent associ\u00e9 \u00e0 des c\u00e9l\u00e9brations culturelles ou religieuses. Il est particuli\u00e8rement populaire \u00e0 Java et \u00e0 Bali.<\/p>\n<p>Ce g\u00e2teau a \u00e9galement une signification symbolique en Indon\u00e9sie : il est souvent pr\u00e9par\u00e9 pour demander pardon ou apporter des b\u00e9n\u00e9dictions. Par exemple, dans la culture javanaise, il est traditionnellement associ\u00e9 \u00e0 un rituel appel\u00e9 <strong>\u00ab\u00a0apeman\u00a0\u00bb<\/strong>, organis\u00e9 avant le Ramadan.<\/p>\n<p>(vendu par 2)<\/p>\n","protected":false},"excerpt":{"rendered":"<p>L\u2019<strong>apem<\/strong> (ou parfois appel\u00e9 <strong>kue apem<\/strong>) est un g\u00e2teau traditionnel indon\u00e9sien, souvent associ\u00e9 \u00e0 des c\u00e9l\u00e9brations culturelles ou religieuses. Il est particuli\u00e8rement populaire \u00e0 Java et \u00e0 Bali.<\/p>\n<p>(vendu par 2)<\/p>\n","protected":false},"featured_media":977,"comment_status":"open","ping_status":"closed","template":"","meta":{"jetpack_post_was_ever_published":false},"product_brand":[],"product_cat":[21],"product_tag":[],"class_list":{"0":"post-970","1":"product","2":"type-product","3":"status-publish","4":"has-post-thumbnail","6":"product_cat-snacks-sucres","8":"first","9":"onbackorder","10":"shipping-taxable","11":"purchasable","12":"product-type-simple"},"jetpack_sharing_enabled":true,"wcpa_form_fields":null,"_links":{"self":[{"href":"https:\/\/jeumpa.fr\/index.php\/wp-json\/wp\/v2\/product\/970","targetHints":{"allow":["GET"]}}],"collection":[{"href":"https:\/\/jeumpa.fr\/index.php\/wp-json\/wp\/v2\/product"}],"about":[{"href":"https:\/\/jeumpa.fr\/index.php\/wp-json\/wp\/v2\/types\/product"}],"replies":[{"embeddable":true,"href":"https:\/\/jeumpa.fr\/index.php\/wp-json\/wp\/v2\/comments?post=970"}],"wp:featuredmedia":[{"embeddable":true,"href":"https:\/\/jeumpa.fr\/index.php\/wp-json\/wp\/v2\/media\/977"}],"wp:attachment":[{"href":"https:\/\/jeumpa.fr\/index.php\/wp-json\/wp\/v2\/media?parent=970"}],"wp:term":[{"taxonomy":"product_brand","embeddable":true,"href":"https:\/\/jeumpa.fr\/index.php\/wp-json\/wp\/v2\/product_brand?post=970"},{"taxonomy":"product_cat","embeddable":true,"href":"https:\/\/jeumpa.fr\/index.php\/wp-json\/wp\/v2\/product_cat?post=970"},{"taxonomy":"product_tag","embeddable":true,"href":"https:\/\/jeumpa.fr\/index.php\/wp-json\/wp\/v2\/product_tag?post=970"}],"curies":[{"name":"wp","href":"https:\/\/api.w.org\/{rel}","templated":true}]}}