
{"id":359,"date":"2024-05-10T19:20:37","date_gmt":"2024-05-10T17:20:37","guid":{"rendered":"https:\/\/jeumpa.fr\/?post_type=product&#038;p=359"},"modified":"2024-12-01T22:42:04","modified_gmt":"2024-12-01T21:42:04","slug":"pastel-ayam-sans-gluten","status":"publish","type":"product","link":"https:\/\/jeumpa.fr\/index.php\/product\/pastel-ayam-sans-gluten\/","title":{"rendered":"Pastel Ayam (Sans Gluten)"},"content":{"rendered":"<p>1 portion = 5 pi\u00e8ces<\/p>\n<div>Une recette simple, gourmande mais \u00e9quilibr\u00e9e, Pastel Ayam est un chausson de p\u00e2te bris\u00e9e, fourr\u00e9e de l\u00e9gumes et de poulet. Traditionnellement ils sont frits, mais j&rsquo;ai choisi de les faire cuire \u00e0 la friteuse sans huile ou dans le four. En Indon\u00e9sie, les petits comme les grands d\u00e9gustent Pastel Ayam \u00e0 tout moment de la journ\u00e9e.<\/div>\n<div><\/div>\n<div>M\u00eame s&rsquo;il peut se d\u00e9guster seul, je vous conseille d&rsquo;accompagner Pastel Ayam avec ma Saus Kacang maison.<\/div>\n<div><\/div>\n<div>Vous pouvez par exemple manger Pastel Ayam dans vos ap\u00e9ritifs.<\/div>\n<div><\/div>\n<div><strong>Existe sans gluten.<\/strong><\/div>\n","protected":false},"excerpt":{"rendered":"<p>1 portion = 5 pi\u00e8ces<\/p>\n<p>Une recette simple, gourmande mais \u00e9quilibr\u00e9e, Pastel Ayam est un chausson de p\u00e2te bris\u00e9e, fourr\u00e9e de l\u00e9gumes et de poulet. Traditionnellement ils sont frits, mais j&rsquo;ai choisi de les faire cuire \u00e0 la friteuse sans huile ou dans le four. En Indon\u00e9sie, les petits comme les grands d\u00e9gustent Pastel Ayam \u00e0 tout moment de la journ\u00e9e.<\/p>\n","protected":false},"featured_media":994,"comment_status":"open","ping_status":"closed","template":"","meta":{"jetpack_post_was_ever_published":false},"product_brand":[],"product_cat":[28,22],"product_tag":[],"class_list":{"0":"post-359","1":"product","2":"type-product","3":"status-publish","4":"has-post-thumbnail","6":"product_cat-sans-gluten","7":"product_cat-snacks-sales","9":"first","10":"onbackorder","11":"shipping-taxable","12":"purchasable","13":"product-type-simple"},"jetpack_sharing_enabled":true,"wcpa_form_fields":null,"_links":{"self":[{"href":"https:\/\/jeumpa.fr\/index.php\/wp-json\/wp\/v2\/product\/359","targetHints":{"allow":["GET"]}}],"collection":[{"href":"https:\/\/jeumpa.fr\/index.php\/wp-json\/wp\/v2\/product"}],"about":[{"href":"https:\/\/jeumpa.fr\/index.php\/wp-json\/wp\/v2\/types\/product"}],"replies":[{"embeddable":true,"href":"https:\/\/jeumpa.fr\/index.php\/wp-json\/wp\/v2\/comments?post=359"}],"wp:featuredmedia":[{"embeddable":true,"href":"https:\/\/jeumpa.fr\/index.php\/wp-json\/wp\/v2\/media\/994"}],"wp:attachment":[{"href":"https:\/\/jeumpa.fr\/index.php\/wp-json\/wp\/v2\/media?parent=359"}],"wp:term":[{"taxonomy":"product_brand","embeddable":true,"href":"https:\/\/jeumpa.fr\/index.php\/wp-json\/wp\/v2\/product_brand?post=359"},{"taxonomy":"product_cat","embeddable":true,"href":"https:\/\/jeumpa.fr\/index.php\/wp-json\/wp\/v2\/product_cat?post=359"},{"taxonomy":"product_tag","embeddable":true,"href":"https:\/\/jeumpa.fr\/index.php\/wp-json\/wp\/v2\/product_tag?post=359"}],"curies":[{"name":"wp","href":"https:\/\/api.w.org\/{rel}","templated":true}]}}