
{"id":351,"date":"2024-04-16T11:00:52","date_gmt":"2024-04-16T09:00:52","guid":{"rendered":"https:\/\/jeumpa.fr\/?post_type=product&#038;p=351"},"modified":"2024-12-01T22:31:25","modified_gmt":"2024-12-01T21:31:25","slug":"kue-lumpu-ubi","status":"publish","type":"product","link":"https:\/\/jeumpa.fr\/index.php\/product\/kue-lumpu-ubi\/","title":{"rendered":"Kue Lumpur Ubi"},"content":{"rendered":"<div>La recette est une sp\u00e9cialit\u00e9 \u00ab\u00a0Betawi\u00a0\u00bb (Djakarta). Ce sont des petits flans sucr\u00e9s \u00e0 base de pomme de terre (traditionnellement) et de lait de coco.<\/div>\n<div><\/div>\n<div><strong>Le Kue Lumpur Ubi est une version de Kue Lumpur o\u00f9 la pomme de terre est remplac\u00e9e par de la patate douce<\/strong>.<\/div>\n<div><\/div>\n<div>A d\u00e9guster avec votre caf\u00e9 ou th\u00e9 pr\u00e9f\u00e9r\u00e9.<\/div>\n<div><\/div>\n<div>(vendu \u00e0 l&rsquo;unit\u00e9)<\/div>\n","protected":false},"excerpt":{"rendered":"<p>Le Kue Lumpur Ubi est un petit flan sucr\u00e9 \u00e0 base de patate douce<\/p>\n<p>(vendu \u00e0 l&rsquo;unit\u00e9)<\/p>\n","protected":false},"featured_media":352,"comment_status":"open","ping_status":"closed","template":"","meta":{"jetpack_post_was_ever_published":false},"product_brand":[],"product_cat":[28,21],"product_tag":[],"class_list":{"0":"post-351","1":"product","2":"type-product","3":"status-publish","4":"has-post-thumbnail","6":"product_cat-sans-gluten","7":"product_cat-snacks-sucres","9":"first","10":"onbackorder","11":"shipping-taxable","12":"purchasable","13":"product-type-simple"},"jetpack_sharing_enabled":true,"wcpa_form_fields":null,"_links":{"self":[{"href":"https:\/\/jeumpa.fr\/index.php\/wp-json\/wp\/v2\/product\/351","targetHints":{"allow":["GET"]}}],"collection":[{"href":"https:\/\/jeumpa.fr\/index.php\/wp-json\/wp\/v2\/product"}],"about":[{"href":"https:\/\/jeumpa.fr\/index.php\/wp-json\/wp\/v2\/types\/product"}],"replies":[{"embeddable":true,"href":"https:\/\/jeumpa.fr\/index.php\/wp-json\/wp\/v2\/comments?post=351"}],"wp:featuredmedia":[{"embeddable":true,"href":"https:\/\/jeumpa.fr\/index.php\/wp-json\/wp\/v2\/media\/352"}],"wp:attachment":[{"href":"https:\/\/jeumpa.fr\/index.php\/wp-json\/wp\/v2\/media?parent=351"}],"wp:term":[{"taxonomy":"product_brand","embeddable":true,"href":"https:\/\/jeumpa.fr\/index.php\/wp-json\/wp\/v2\/product_brand?post=351"},{"taxonomy":"product_cat","embeddable":true,"href":"https:\/\/jeumpa.fr\/index.php\/wp-json\/wp\/v2\/product_cat?post=351"},{"taxonomy":"product_tag","embeddable":true,"href":"https:\/\/jeumpa.fr\/index.php\/wp-json\/wp\/v2\/product_tag?post=351"}],"curies":[{"name":"wp","href":"https:\/\/api.w.org\/{rel}","templated":true}]}}