
{"id":342,"date":"2024-04-09T19:21:36","date_gmt":"2024-04-09T17:21:36","guid":{"rendered":"https:\/\/jeumpa.fr\/?post_type=product&#038;p=342"},"modified":"2024-11-28T15:39:33","modified_gmt":"2024-11-28T14:39:33","slug":"saus-kacang","status":"publish","type":"product","link":"https:\/\/jeumpa.fr\/index.php\/product\/saus-kacang\/","title":{"rendered":"Saus Kacang"},"content":{"rendered":"<p>1 portion = 100g<\/p>\n<div>Saus Kacang (pour Cilok\u00a0ou autres snacks sal\u00e9s)<\/div>\n<div>Saus Kacang est une traduction pour sauce cacahu\u00e8te. Cette sauce se retrouve partout dans diff\u00e9rentes cuisines indon\u00e9siennes,\u00a0comme accompagnement. Malgr\u00e9 son apparence, il existe une vaste vari\u00e9t\u00e9 de Saus Kacang. Celle-ci est destin\u00e9e pour accompagner Cilok\u00a0ou d&rsquo;autres snacks sal\u00e9s (par exemple avec Lemper Ayam, Pastel Ayam etc).<\/div>\n<div><\/div>\n<div>Suivant vos go\u00fbts, Saus Kacang peut-\u00eatre achet\u00e9e de sans piment \u00e0 tr\u00e8s piment\u00e9e.<\/div>\n<div><\/div>\n<div>Comment manger Saus Kacang avec Cilok\u00a0?<\/div>\n<div>Mettre Cilok\u00a0dans un conteneur, ensuite verser Saus Kacang dessus \u00e0 volont\u00e9.<\/div>\n<div>Cilok se mange ti\u00e8de, et Saus Kacang se mange \u00e0 la temp\u00e9rature de la pi\u00e8ce.<\/div>\n<div>D&rsquo;autre mani\u00e8re de consommer Cilok et Saus Kacang : utiliser Saus Kacang comme une sauce pour plonger un cilok piqu\u00e9 sur une brochette.<\/div>\n","protected":false},"excerpt":{"rendered":"<p>Saus Kacang est une traduction pour sauce cacahu\u00e8te. Cette sauce se retrouve partout dans diff\u00e9rentes cuisines indon\u00e9siennes,\u00a0comme accompagnement. Malgr\u00e9 son apparence, il existe une vaste vari\u00e9t\u00e9 de Saus Kacang. Celle-ci est destin\u00e9e pour accompagner Cilok\u00a0ou d&rsquo;autres snacks sal\u00e9s (par exemple avec Lemper Ayam, Pastel Ayam etc).<\/p>\n","protected":false},"featured_media":343,"comment_status":"open","ping_status":"closed","template":"","meta":{"jetpack_post_was_ever_published":false},"product_brand":[],"product_cat":[28,31,30],"product_tag":[],"class_list":{"0":"post-342","1":"product","2":"type-product","3":"status-publish","4":"has-post-thumbnail","6":"product_cat-sans-gluten","7":"product_cat-sans-lactose","8":"product_cat-sauce","10":"first","11":"onbackorder","12":"shipping-taxable","13":"purchasable","14":"product-type-simple"},"jetpack_sharing_enabled":true,"wcpa_form_fields":null,"_links":{"self":[{"href":"https:\/\/jeumpa.fr\/index.php\/wp-json\/wp\/v2\/product\/342","targetHints":{"allow":["GET"]}}],"collection":[{"href":"https:\/\/jeumpa.fr\/index.php\/wp-json\/wp\/v2\/product"}],"about":[{"href":"https:\/\/jeumpa.fr\/index.php\/wp-json\/wp\/v2\/types\/product"}],"replies":[{"embeddable":true,"href":"https:\/\/jeumpa.fr\/index.php\/wp-json\/wp\/v2\/comments?post=342"}],"wp:featuredmedia":[{"embeddable":true,"href":"https:\/\/jeumpa.fr\/index.php\/wp-json\/wp\/v2\/media\/343"}],"wp:attachment":[{"href":"https:\/\/jeumpa.fr\/index.php\/wp-json\/wp\/v2\/media?parent=342"}],"wp:term":[{"taxonomy":"product_brand","embeddable":true,"href":"https:\/\/jeumpa.fr\/index.php\/wp-json\/wp\/v2\/product_brand?post=342"},{"taxonomy":"product_cat","embeddable":true,"href":"https:\/\/jeumpa.fr\/index.php\/wp-json\/wp\/v2\/product_cat?post=342"},{"taxonomy":"product_tag","embeddable":true,"href":"https:\/\/jeumpa.fr\/index.php\/wp-json\/wp\/v2\/product_tag?post=342"}],"curies":[{"name":"wp","href":"https:\/\/api.w.org\/{rel}","templated":true}]}}