
{"id":1762,"date":"2025-12-14T20:53:02","date_gmt":"2025-12-14T19:53:02","guid":{"rendered":"https:\/\/jeumpa.fr\/?post_type=product&#038;p=1762"},"modified":"2025-12-23T14:48:20","modified_gmt":"2025-12-23T13:48:20","slug":"nasi-liwet-a-partager","status":"publish","type":"product","link":"https:\/\/jeumpa.fr\/index.php\/product\/nasi-liwet-a-partager\/","title":{"rendered":"Nasi Liwet \u00e0 partager (2 personnes)"},"content":{"rendered":"<div class=\"flex-shrink-0 flex flex-col relative items-end\">\n<div class=\"pt-0\">\n<div class=\"gizmo-bot-avatar flex h-8 w-8 items-center justify-center overflow-hidden rounded-full\">\n<div class=\"relative p-1 rounded-sm flex items-center justify-center bg-token-main-surface-primary text-token-text-primary h-8 w-8\">Menu pour deux personnes servi dans un panier tress\u00e9 traditionnel Indon\u00e9sien.<\/div>\n<div><\/div>\n<div class=\"relative p-1 rounded-sm flex items-center justify-center bg-token-main-surface-primary text-token-text-primary h-8 w-8\"><strong>Plat : Nasi Liwet \u00e0 partager<\/strong><\/div>\n<div><\/div>\n<pre><span style=\"font-family: Georgia, 'Times New Roman', 'Bitstream Charter', Times, serif;\">Le <\/span><strong style=\"font-family: Georgia, 'Times New Roman', 'Bitstream Charter', Times, serif;\">nasi liwet<\/strong><span style=\"font-family: Georgia, 'Times New Roman', 'Bitstream Charter', Times, serif;\"> est un plat indon\u00e9sien embl\u00e9matique, originaire de Solo et Java Ouest, compos\u00e9 de riz parfum\u00e9 au lait de coco et d'\u00e9pices.\r\nIl est accompagn\u00e9 de garnitures comme du poulet effiloch\u00e9, des \u0153ufs \u00e9pic\u00e9s et du sambal. \r\nCe plat est souvent servi sous forme de <\/span><strong style=\"font-family: Georgia, 'Times New Roman', 'Bitstream Charter', Times, serif;\">liwetan<\/strong><span style=\"font-family: Georgia, 'Times New Roman', 'Bitstream Charter', Times, serif;\">, une tradition conviviale o\u00f9 l'on partage le repas sur des feuilles de bananier.\r\nConsomm\u00e9 lors de r\u00e9unions familiales, \u00e9v\u00e9nements festifs ou dans les restaurants traditionnels, il incarne la culture culinaire indon\u00e9sienne. \r\nUne v\u00e9ritable exp\u00e9rience gastronomique \u00e0 d\u00e9couvrir !<\/span><\/pre>\n<\/div>\n<\/div>\n<\/div>\n<div class=\"group\/conversation-turn relative flex w-full min-w-0 flex-col agent-turn\">\n<div class=\"flex-col gap-1 md:gap-3\">\n<div class=\"flex max-w-full flex-col flex-grow\">\n<div class=\"min-h-8 text-message flex w-full flex-col items-end gap-2 whitespace-normal break-words text-start [.text-message+&amp;]:mt-5\" dir=\"auto\" data-message-author-role=\"assistant\" data-message-id=\"b1d29246-fefe-4b4f-88cf-7abeef9c89fe\" data-message-model-slug=\"gpt-4o\">\n<div class=\"flex w-full flex-col gap-1 empty:hidden first:pt-[3px]\">\n<p>Descriptif du plat Nasi Liwet :<\/p>\n<\/div>\n<\/div>\n<ul>\n<li><strong>Nasi liwet<\/strong>\u00a0: Riz cuit dans du lait de coco avec des \u00e9pices. \u00a0400g environ<\/li>\n<li><strong>Tempeh orek<\/strong> : Tempeh saut\u00e9 dans une sauce sucr\u00e9e-sal\u00e9e \u00e0 base de kecap manis (sauce soja sucr\u00e9e). 100g environ (avant cuisson)<\/li>\n<li><strong>Tofu Balado<\/strong> : Tofu frit enrob\u00e9 d\u2019une sauce balado \u00e9pic\u00e9e \u00e0 base de piments rouges et de tomates. 100g environ (avant cuisson)<\/li>\n<li><strong>Sambal merah<\/strong> : Sauce \u00e9pic\u00e9e rouge \u00e0 base de piments, ail, \u00e9chalotes et parfois tomates. 50g environ<\/li>\n<li><strong>Poulet Kalassan<\/strong> : Poulet mijot\u00e9 dans de l&rsquo;eau de coco et des \u00e9pices, puis frit (air fryer) pour une texture croustillante. 1 cuissse \u00e0 partager<\/li>\n<li><strong>Sayuran<\/strong> : M\u00e9lange de crudit\u00e9s 150g environ<\/li>\n<li><strong>Botok<\/strong> : Plat de l\u00e9gumes \u00e0 base de noix de coco r\u00e2p\u00e9e cuit \u00e0 la vapeur dans une feuille de bananier. 100g environ<\/li>\n<li><strong>Omelette<\/strong> 100g environ<\/li>\n<\/ul>\n<h3><strong>Allerg\u00e8nes :<\/strong><\/h3>\n<ul>\n<li>Soja (sauce soja)<\/li>\n<li>noix de coco<\/li>\n<\/ul>\n<\/div>\n<\/div>\n<\/div>\n","protected":false},"excerpt":{"rendered":"<div class=\"relative p-1 rounded-sm flex items-center justify-center bg-token-main-surface-primary text-token-text-primary h-8 w-8\">\n<div class=\"relative p-1 rounded-sm flex items-center justify-center bg-token-main-surface-primary text-token-text-primary h-8 w-8\"><strong> Nasi Liwet \u00e0 partager<\/strong><\/div>\n<div class=\"relative p-1 rounded-sm flex items-center justify-center bg-token-main-surface-primary text-token-text-primary h-8 w-8\">Menu pour deux personnes servi dans un panier tress\u00e9 traditionnel Indon\u00e9sien.<\/div>\n<\/div>\n<div>\n<div class=\"relative p-1 rounded-sm flex items-center justify-center bg-token-main-surface-primary text-token-text-primary h-8 w-8\">Plus d&rsquo;informations dans la description ci-dessous.<\/div>\n<\/div>\n","protected":false},"featured_media":1119,"comment_status":"open","ping_status":"closed","template":"","meta":{"jetpack_post_was_ever_published":false},"product_brand":[],"product_cat":[55],"product_tag":[],"class_list":{"0":"post-1762","1":"product","2":"type-product","3":"status-publish","4":"has-post-thumbnail","6":"product_cat-plats-indonesiens","7":"wcpa_has_options","9":"first","10":"onbackorder","11":"shipping-taxable","12":"purchasable","13":"product-type-simple"},"jetpack_sharing_enabled":true,"wcpa_form_fields":{"wcpaData":{"product":{"product_price":45,"price_html":"<span class=\"woocommerce-Price-amount amount\"><bdi>45,00&nbsp;<span class=\"woocommerce-Price-currencySymbol\">&euro;<\/span><\/bdi><\/span>","original_product_price":45,"price_including_tax":45,"price_excluding_tax":45,"product_id":{"parent":1762,"variation":false},"is_variable":false,"stock_status":"onbackorder","stock_quantity":0,"parent_sku":"","product_attributes":{"nombre-de-personne":{"is_variation":false,"values":["2","4","6"]}},"custom_fields":[],"is_taxable":false,"product_name":"Nasi Liwet \u00e0 partager (2 personnes)","hasImage":false},"fields":{"sec_667a6fef332655":{"extra":{"key":"sec_667a6fef332655","section_id":"sec_667a6fef332655","name":"Default","status":1,"cl_rule":"show","enableCl":false,"relations":[],"toggle":true,"title_tag":"h3","show_title":false,"showPrice":"default","form_id":1440,"form_rules":{"exclude_from_discount":false,"fee_label":"Fee","disp_hide_options_price":false,"disp_show_section_price":false,"disp_show_field_price":true,"layout_option":"standard","pric_use_as_fee":false,"process_fee_as":"woo_fee"},"layout_option":"standard"},"fields":[[{"elementId":"separator_1067a6fef332671","separatorType":"fill","separatorColor":"#000000","className":"","height":"6","enableCl":false,"relations":false,"cl_rule":"show","col":6,"type":"separator","gt_translate_keys":[],"price_dependency":false,"cl_dependency":false,"value":""}],[{"active":true,"col":6,"relations":false,"cl_rule":"show","enableCl":false,"price":"","enablePrice":true,"className":"","label_position":"default","desc_position":"default","type":"select","required":false,"elementId":"select_967a6fef33267f","label":"Couverts jetables ?","name":"select_967a6fef33267f","values":[{"label":"Non","value":"Non","selected":false,"tempId":"aco_1751","price":"0","gt_translate_keys":["label"]},{"label":"Oui","value":"Oui","selected":false,"tempId":"aco_1752","price":"1","gt_translate_keys":["label"]}],"dropdown_type":"basic","error":false,"priceOptions":"different_for_all","pricingType":"fixed","gt_translate_keys":["label"],"price_dependency":false,"cl_dependency":false,"value":""}],[{"label":"Allerg\u00e9nes","active":true,"required":false,"elementId":"text_767a6fef33268a","value":"Liste des allerg\u00e8nes dans la description du produit","name":"text_767a6fef33268a","label_position":"default","desc_position":"default","enablePrice":false,"className":"","enableCl":false,"relations":[{"operator":false,"rules":[{"operator":"AND","rules":{"cl_field":"","cl_relation":"","cl_val":""}}]}],"disable_manual_input":true,"subtype":"text","price":"","cl_rule":"show","col":6,"type":"text","error":false,"hideFieldIn_cart":true,"hideFieldIn_order":true,"gt_translate_keys":["label","value"],"price_dependency":false,"cl_dependency":false}],[{"active":true,"col":6,"relations":false,"cl_rule":"show","enableCl":false,"price":"15","enablePrice":true,"className":"","label_position":"default","desc_position":"default","type":"text","subtype":"text","required":false,"elementId":"text_9980712910","label":"Caution pour le panier de service","name":"text_9980712910","value":"Caution pour le panier  rembours\u00e9e lors du retour","error":false,"pricingType":"fixed","disable_manual_input":true,"gt_translate_keys":["label","value"],"price_dependency":false,"cl_dependency":false}],[{"active":true,"col":6,"relations":false,"cl_rule":"show","enableCl":false,"price":"","enablePrice":false,"className":"","label_position":"default","desc_position":"default","type":"textarea","required":false,"elementId":"textarea_1067a6fef332690","label":"Commentaires \u00e9ventuels","name":"textarea_1067a6fef332690","value":"","rows":2,"error":false,"gt_translate_keys":["label","value"],"price_dependency":false,"cl_dependency":false}]]}},"config":{"price_override":"","enable_recaptcha":false,"bind_quantity":false,"quantity_bind_formula":false,"disp_summ_show_option_price":true,"disp_summ_show_product_price":true,"disp_summ_show_total_price":true,"disp_summ_show_fee":false,"disp_summ_show_discount":false,"summary_title":"","options_total_label":"Prix des options","total_label":"Total","options_product_label":"Prix du produit","fee_label":"Fee","discount_label":"Discount","has_price":true,"has_quantity_formula":false},"mc_unit":1,"tax_rate":1,"tax_rate_real":1,"discount":{"percentage":0,"fixed":0},"design":{"conf":{"LabelPosition":"above","DescPosition":"above","UploadField":"custom_1","QuantityFieldStyle":"default"},"css":{"LeftLabelWidth":"120px"}},"formulas":[],"lookuptables":[],"clones":false,"cartKey":false}},"_links":{"self":[{"href":"https:\/\/jeumpa.fr\/index.php\/wp-json\/wp\/v2\/product\/1762","targetHints":{"allow":["GET"]}}],"collection":[{"href":"https:\/\/jeumpa.fr\/index.php\/wp-json\/wp\/v2\/product"}],"about":[{"href":"https:\/\/jeumpa.fr\/index.php\/wp-json\/wp\/v2\/types\/product"}],"replies":[{"embeddable":true,"href":"https:\/\/jeumpa.fr\/index.php\/wp-json\/wp\/v2\/comments?post=1762"}],"wp:featuredmedia":[{"embeddable":true,"href":"https:\/\/jeumpa.fr\/index.php\/wp-json\/wp\/v2\/media\/1119"}],"wp:attachment":[{"href":"https:\/\/jeumpa.fr\/index.php\/wp-json\/wp\/v2\/media?parent=1762"}],"wp:term":[{"taxonomy":"product_brand","embeddable":true,"href":"https:\/\/jeumpa.fr\/index.php\/wp-json\/wp\/v2\/product_brand?post=1762"},{"taxonomy":"product_cat","embeddable":true,"href":"https:\/\/jeumpa.fr\/index.php\/wp-json\/wp\/v2\/product_cat?post=1762"},{"taxonomy":"product_tag","embeddable":true,"href":"https:\/\/jeumpa.fr\/index.php\/wp-json\/wp\/v2\/product_tag?post=1762"}],"curies":[{"name":"wp","href":"https:\/\/api.w.org\/{rel}","templated":true}]}}