
{"id":1716,"date":"2025-12-14T20:12:29","date_gmt":"2025-12-14T19:12:29","guid":{"rendered":"https:\/\/jeumpa.fr\/?post_type=product&#038;p=1716"},"modified":"2025-12-23T14:49:45","modified_gmt":"2025-12-23T13:49:45","slug":"mie-goreng","status":"publish","type":"product","link":"https:\/\/jeumpa.fr\/index.php\/product\/mie-goreng\/","title":{"rendered":"Mie Goreng"},"content":{"rendered":"<p>&nbsp;<\/p>\n<table width=\"642\">\n<tbody>\n<tr>\n<td width=\"642\"><strong>Mie Goreng :\u00a0Nouilles saut\u00e9es avec poulet et l\u00e9gumes + 2 \u0153ufs sur le plat<\/strong><\/td>\n<\/tr>\n<\/tbody>\n<\/table>\n<p><em>Mie Goreng*<\/em>\u00a0: Wok de nouilles saut\u00e9es avec poulet et l\u00e9gumes<\/p>\n<p><em>Telur goreng *<\/em>\u00a0: \u0152uf sur le plat<\/p>\n<p>(Vegan Tofu remplace l&rsquo;oeuf et le poulet)<\/p>\n<p>Asinan Betawi * : Julienne de crudit\u00e9s et sauce cacahu\u00e8te maison<\/p>\n<p>&nbsp;<\/p>\n<p><!--more--><\/p>\n<h3><strong>Allerg\u00e8nes :<\/strong><\/h3>\n<p>Plat :<\/p>\n<ul>\n<li>sauce soja &#8211; cacahu\u00e8tes (sauce crudit\u00e9s)<\/li>\n<li>Gluten<\/li>\n<\/ul>\n<h3>Calories et apports nutritionnels :<\/h3>\n<table width=\"451\">\n<tbody>\n<tr>\n<td width=\"451\">Nous rejoindre comme ami sur myfitnesspal<\/td>\n<\/tr>\n<tr>\n<td>Soit par nom d&rsquo;utilisateur Jeumpa_Gourmandise<\/td>\n<\/tr>\n<tr>\n<td>Soit par adresse mail : cakra010@yahoo.com<\/td>\n<\/tr>\n<tr>\n<td>Ensuite rechercher dans mon journal le menu du jour<\/td>\n<\/tr>\n<\/tbody>\n<\/table>\n<div id='gallery-1' class='gallery galleryid-1716 gallery-columns-3 gallery-size-thumbnail'><figure class='gallery-item'>\n\t\t\t<div class='gallery-icon portrait'>\n\t\t\t\t<a href='https:\/\/jeumpa.fr\/?attachment_id=1355'><img loading=\"lazy\" decoding=\"async\" width=\"150\" height=\"150\" src=\"https:\/\/jeumpa.fr\/wp-content\/uploads\/2024\/12\/Mie-Goreng-150x150.png\" class=\"attachment-thumbnail size-thumbnail\" alt=\"\" aria-describedby=\"gallery-1-1355\" srcset=\"https:\/\/jeumpa.fr\/wp-content\/uploads\/2024\/12\/Mie-Goreng-150x150.png 150w, https:\/\/jeumpa.fr\/wp-content\/uploads\/2024\/12\/Mie-Goreng-95x95.png 95w, https:\/\/jeumpa.fr\/wp-content\/uploads\/2024\/12\/Mie-Goreng-275x275.png 275w, https:\/\/jeumpa.fr\/wp-content\/uploads\/2024\/12\/Mie-Goreng-50x50.png 50w, https:\/\/jeumpa.fr\/wp-content\/uploads\/2024\/12\/Mie-Goreng-230x230.png 230w, https:\/\/jeumpa.fr\/wp-content\/uploads\/2024\/12\/Mie-Goreng-300x300.png 300w, https:\/\/jeumpa.fr\/wp-content\/uploads\/2024\/12\/Mie-Goreng-100x100.png 100w\" sizes=\"auto, (max-width: 150px) 100vw, 150px\" \/><\/a>\n\t\t\t<\/div>\n\t\t\t\t<figcaption class='wp-caption-text gallery-caption' id='gallery-1-1355'>\n\t\t\t\tMie Goreng\n\t\t\t\t<\/figcaption><\/figure><figure class='gallery-item'>\n\t\t\t<div class='gallery-icon portrait'>\n\t\t\t\t<a href='https:\/\/jeumpa.fr\/?attachment_id=1088'><img loading=\"lazy\" decoding=\"async\" width=\"150\" height=\"150\" src=\"https:\/\/jeumpa.fr\/wp-content\/uploads\/2024\/09\/asinan-betawi-2-150x150.png\" class=\"attachment-thumbnail size-thumbnail\" alt=\"asinan betawi\" aria-describedby=\"gallery-1-1088\" srcset=\"https:\/\/jeumpa.fr\/wp-content\/uploads\/2024\/09\/asinan-betawi-2-150x150.png 150w, https:\/\/jeumpa.fr\/wp-content\/uploads\/2024\/09\/asinan-betawi-2-95x95.png 95w, https:\/\/jeumpa.fr\/wp-content\/uploads\/2024\/09\/asinan-betawi-2-275x275.png 275w, https:\/\/jeumpa.fr\/wp-content\/uploads\/2024\/09\/asinan-betawi-2-50x50.png 50w, https:\/\/jeumpa.fr\/wp-content\/uploads\/2024\/09\/asinan-betawi-2-230x230.png 230w, https:\/\/jeumpa.fr\/wp-content\/uploads\/2024\/09\/asinan-betawi-2-100x100.png 100w\" sizes=\"auto, (max-width: 150px) 100vw, 150px\" \/><\/a>\n\t\t\t<\/div>\n\t\t\t\t<figcaption class='wp-caption-text gallery-caption' id='gallery-1-1088'>\n\t\t\t\tasinan betawi\n\t\t\t\t<\/figcaption><\/figure>\n\t\t<\/div>\n\n","protected":false},"excerpt":{"rendered":"<p>Plat : Nouilles saut\u00e9es avec poulet et Julienne de Crudit\u00e9s sauce cacahu\u00e8tes + 2 \u0153ufs sur le plat (Vegan : tofu)<\/p>\n","protected":false},"featured_media":727,"comment_status":"open","ping_status":"closed","template":"","meta":{"jetpack_post_was_ever_published":false},"product_brand":[],"product_cat":[55],"product_tag":[],"class_list":{"0":"post-1716","1":"product","2":"type-product","3":"status-publish","4":"has-post-thumbnail","6":"product_cat-plats-indonesiens","7":"wcpa_has_options","9":"first","10":"onbackorder","11":"shipping-taxable","12":"purchasable","13":"product-type-simple"},"jetpack_sharing_enabled":true,"wcpa_form_fields":{"wcpaData":{"product":{"product_price":11.5,"price_html":"<span class=\"woocommerce-Price-amount amount\"><bdi>11,50&nbsp;<span class=\"woocommerce-Price-currencySymbol\">&euro;<\/span><\/bdi><\/span>","original_product_price":11.5,"price_including_tax":11.5,"price_excluding_tax":11.5,"product_id":{"parent":1716,"variation":false},"is_variable":false,"stock_status":"onbackorder","stock_quantity":0,"parent_sku":"","product_attributes":{"vegan":{"is_variation":false,"values":["\"Vegan\"","\"Non Vegan\""]},"menu":{"is_variation":false,"values":["\"Plat Seul\"","\"Entr\u00e9e + Plat\"","\"Plat + Dessert\"","\"Entr\u00e9e + Plat + Dessert\""]}},"custom_fields":[],"is_taxable":false,"product_name":"Mie Goreng","hasImage":false},"fields":{"sec_2693efd0686c04":{"extra":{"key":"sec_2693efd0686c04","section_id":"sec_2693efd0686c04","name":"Default","status":1,"cl_rule":"show","enableCl":false,"relations":[],"toggle":true,"title_tag":"h3","show_title":false,"showPrice":"default","form_id":1681,"form_rules":{"exclude_from_discount":false,"fee_label":"Fee","disp_hide_options_price":false,"disp_show_section_price":false,"disp_show_field_price":true,"layout_option":"standard","pric_use_as_fee":false,"process_fee_as":"woo_fee"},"layout_option":"standard"},"fields":[[{"active":true,"col":6,"relations":false,"cl_rule":"show","enableCl":false,"price":"","enablePrice":true,"className":"","label_position":"default","desc_position":"default","type":"select","required":false,"elementId":"select_3693efd0686c2c","label":"Vegan ou non Vegan ?","name":"select_3693efd0686c2c","values":[{"label":"Non Vegan","value":"Non Vegan","selected":false,"tempId":"aco_1186","price":"0","gt_translate_keys":["label"]},{"label":"Vegan","value":"Vegan","selected":false,"tempId":"aco_1185","price":"0","gt_translate_keys":["label"]}],"dropdown_type":"basic","error":false,"priceOptions":"different_for_all","pricingType":"fixed","isWeightTemplate":false,"isTemplate":false,"min_quantity":"1","quantity_decimal":false,"quantity_step":"1","quantity_label":"Quantity","repeater_field_label":"{field_label}","repeater_bind":"","gt_translate_keys":["label","repeater_field_label","quantity_label"],"price_dependency":false,"cl_dependency":false,"value":""}]]},"sec_4693f0074c1d25":{"extra":{"key":"sec_4693f0074c1d25","section_id":"sec_4693f0074c1d25","name":"Default","status":1,"cl_rule":"show","enableCl":false,"relations":[],"toggle":true,"title_tag":"h3","show_title":false,"showPrice":"default","form_id":1686,"form_rules":{"exclude_from_discount":false,"fee_label":"Fee","disp_hide_options_price":false,"disp_show_section_price":false,"disp_show_field_price":true,"layout_option":"standard","pric_use_as_fee":false,"process_fee_as":"woo_fee"},"layout_option":"standard"},"fields":[[{"active":true,"col":6,"relations":false,"cl_rule":"show","enableCl":false,"price":"","enablePrice":false,"className":"","label_position":"default","desc_position":"default","type":"separator","required":false,"elementId":"separator_10693f0074c1d51","label":"Separator Field","height":"6","separatorType":"fill","error":false,"separatorColor":"#000000","gt_translate_keys":["label"],"price_dependency":false,"cl_dependency":false,"value":""}]]},"sec_266f9adce91ddf":{"extra":{"key":"sec_266f9adce91ddf","section_id":"sec_266f9adce91ddf","name":"Default","status":1,"cl_rule":"show","enableCl":false,"relations":[],"toggle":true,"title_tag":"h3","show_title":false,"showPrice":"default","form_id":724,"form_rules":{"exclude_from_discount":false,"fee_label":"Fee","disp_hide_options_price":false,"disp_show_section_price":false,"disp_show_field_price":true,"layout_option":"standard","pric_use_as_fee":false,"process_fee_as":"woo_fee"},"layout_option":"standard"},"fields":[[{"label":"Option XL pour le plat","active":true,"required":false,"elementId":"select_066f9adce91e0e","dropdown_type":"basic","name":"select_066f9adce91e0e","label_position":"default","desc_position":"default","enablePrice":true,"className":"","enableCl":false,"relations":false,"values":[{"label":"Non","value":"Non","selected":false,"tempId":"aco_1186","price":"0","gt_translate_keys":["label"]},{"label":"Oui","value":"Oui","selected":false,"tempId":"aco_1185","price":"3.5","gt_translate_keys":["label"]}],"priceOptions":"different_for_all","pricingType":"fixed","price":"","cl_rule":"show","col":6,"type":"select","error":false,"isWeightTemplate":false,"isTemplate":false,"min_quantity":"1","quantity_decimal":false,"quantity_step":"1","quantity_label":"Quantity","repeater_field_label":"{field_label}","repeater_bind":"","gt_translate_keys":["label","repeater_field_label","quantity_label"],"price_dependency":false,"cl_dependency":false,"value":""}]]},"sec_8693efd0c2d221":{"extra":{"key":"sec_8693efd0c2d221","section_id":"sec_8693efd0c2d221","name":"Default","status":1,"cl_rule":"show","enableCl":false,"relations":[],"toggle":true,"title_tag":"h3","show_title":false,"showPrice":"default","form_id":1682,"form_rules":{"exclude_from_discount":false,"fee_label":"Fee","disp_hide_options_price":false,"disp_show_section_price":false,"disp_show_field_price":true,"layout_option":"standard","pric_use_as_fee":false,"process_fee_as":"woo_fee"},"layout_option":"standard"},"fields":[[{"active":true,"col":6,"relations":false,"cl_rule":"show","enableCl":false,"price":"","enablePrice":true,"className":"","label_position":"default","desc_position":"default","type":"select","required":false,"elementId":"select_8693efd0c2d27e","label":"Viande Hallal ?","name":"select_8693efd0c2d27e","values":[{"label":"Non","value":"Non","selected":false,"tempId":"aco_1751","price":"0","gt_translate_keys":["label"]},{"label":"Oui","value":"Oui","selected":false,"tempId":"aco_1752","price":"0.5","gt_translate_keys":["label"]}],"dropdown_type":"basic","error":false,"priceOptions":"different_for_all","pricingType":"fixed","gt_translate_keys":["label"],"price_dependency":false,"cl_dependency":false,"value":""}]]},"sec_5693efd1e99f3b":{"extra":{"key":"sec_5693efd1e99f3b","section_id":"sec_5693efd1e99f3b","name":"Default","status":1,"cl_rule":"show","enableCl":false,"relations":[],"toggle":true,"title_tag":"h3","show_title":false,"showPrice":"default","form_id":1683,"form_rules":{"exclude_from_discount":false,"fee_label":"Fee","disp_hide_options_price":false,"disp_show_section_price":false,"disp_show_field_price":true,"layout_option":"standard","pric_use_as_fee":false,"process_fee_as":"woo_fee"},"layout_option":"standard"},"fields":[[{"label":"Couverts jetables ?","active":true,"required":false,"elementId":"select_3693efd1e99f71","dropdown_type":"basic","name":"select_3693efd1e99f71","label_position":"default","desc_position":"default","enablePrice":true,"className":"","enableCl":false,"relations":false,"values":[{"label":"Non","value":"Non","selected":false,"tempId":"aco_1751","price":"0","gt_translate_keys":["label"]},{"label":"Oui","value":"Oui","selected":false,"tempId":"aco_1752","price":"0.5","gt_translate_keys":["label"]}],"priceOptions":"different_for_all","pricingType":"fixed","price":"","cl_rule":"show","col":6,"type":"select","gt_translate_keys":["label"],"price_dependency":false,"cl_dependency":false,"value":""}],[{"active":true,"col":6,"relations":false,"cl_rule":"show","enableCl":false,"price":"","enablePrice":false,"className":"","label_position":"default","desc_position":"default","type":"separator","required":false,"elementId":"separator_6693efd1e99f7b","label":"Separator Field","height":"6","separatorType":"fill","error":false,"separatorColor":"#000000","gt_translate_keys":["label"],"price_dependency":false,"cl_dependency":false,"value":""}],[{"label":"Allerg\u00e9nes","active":true,"required":false,"elementId":"text_9693efd1e99f80","value":"Liste des allerg\u00e8nes dans la description du produit","name":"text_9693efd1e99f80","label_position":"default","desc_position":"default","enablePrice":false,"className":"","enableCl":false,"relations":[{"operator":false,"rules":[{"operator":"AND","rules":{"cl_field":"","cl_relation":"","cl_val":""}}]}],"disable_manual_input":true,"subtype":"text","price":"","cl_rule":"show","col":6,"type":"text","error":false,"hideFieldIn_cart":true,"hideFieldIn_order":true,"gt_translate_keys":["label","value"],"price_dependency":false,"cl_dependency":false}],[{"active":true,"col":6,"relations":false,"cl_rule":"show","enableCl":false,"price":"","enablePrice":false,"className":"","label_position":"default","desc_position":"default","type":"textarea","required":false,"elementId":"textarea_3693efd1e99f86","label":"Pr\u00e9f\u00e9rences pour la livraison et commentaires \u00e9ventuels.","name":"textarea_3693efd1e99f86","value":"","rows":2,"error":false,"isWeightTemplate":false,"isTemplate":false,"min_quantity":"1","quantity_decimal":false,"quantity_step":"1","quantity_label":"Quantity","repeater_field_label":"{field_label}","repeater_bind":"","gt_translate_keys":["label","value","repeater_field_label","quantity_label"],"price_dependency":false,"cl_dependency":false}]]}},"config":{"price_override":"","enable_recaptcha":false,"bind_quantity":false,"quantity_bind_formula":false,"disp_summ_show_option_price":true,"disp_summ_show_product_price":true,"disp_summ_show_total_price":true,"disp_summ_show_fee":false,"disp_summ_show_discount":false,"summary_title":"","options_total_label":"Prix des options","total_label":"Total","options_product_label":"Prix du produit","fee_label":"Fee","discount_label":"Discount","has_price":true,"has_quantity_formula":false},"mc_unit":1,"tax_rate":1,"tax_rate_real":1,"discount":{"percentage":0,"fixed":0},"design":{"conf":{"LabelPosition":"above","DescPosition":"above","UploadField":"custom_1","QuantityFieldStyle":"default"},"css":{"LeftLabelWidth":"120px"}},"formulas":[],"lookuptables":[],"clones":false,"cartKey":false}},"_links":{"self":[{"href":"https:\/\/jeumpa.fr\/index.php\/wp-json\/wp\/v2\/product\/1716","targetHints":{"allow":["GET"]}}],"collection":[{"href":"https:\/\/jeumpa.fr\/index.php\/wp-json\/wp\/v2\/product"}],"about":[{"href":"https:\/\/jeumpa.fr\/index.php\/wp-json\/wp\/v2\/types\/product"}],"replies":[{"embeddable":true,"href":"https:\/\/jeumpa.fr\/index.php\/wp-json\/wp\/v2\/comments?post=1716"}],"wp:featuredmedia":[{"embeddable":true,"href":"https:\/\/jeumpa.fr\/index.php\/wp-json\/wp\/v2\/media\/727"}],"wp:attachment":[{"href":"https:\/\/jeumpa.fr\/index.php\/wp-json\/wp\/v2\/media?parent=1716"}],"wp:term":[{"taxonomy":"product_brand","embeddable":true,"href":"https:\/\/jeumpa.fr\/index.php\/wp-json\/wp\/v2\/product_brand?post=1716"},{"taxonomy":"product_cat","embeddable":true,"href":"https:\/\/jeumpa.fr\/index.php\/wp-json\/wp\/v2\/product_cat?post=1716"},{"taxonomy":"product_tag","embeddable":true,"href":"https:\/\/jeumpa.fr\/index.php\/wp-json\/wp\/v2\/product_tag?post=1716"}],"curies":[{"name":"wp","href":"https:\/\/api.w.org\/{rel}","templated":true}]}}