
{"id":1707,"date":"2025-12-14T19:57:48","date_gmt":"2025-12-14T18:57:48","guid":{"rendered":"https:\/\/jeumpa.fr\/?post_type=product&#038;p=1707"},"modified":"2025-12-23T14:50:00","modified_gmt":"2025-12-23T13:50:00","slug":"ayam-kalasan","status":"publish","type":"product","link":"https:\/\/jeumpa.fr\/index.php\/product\/ayam-kalasan\/","title":{"rendered":"Ayam Kalasan"},"content":{"rendered":"<p>&nbsp;<\/p>\n<table width=\"642\">\n<tbody>\n<tr>\n<td width=\"642\"><strong>\u00a0Poulet Roti aux \u00e9pices (Ayam Kalasan) \u2013 Riz blanc \u2013 Wok de l\u00e9gumes\u00a0<\/strong><\/td>\n<\/tr>\n<\/tbody>\n<\/table>\n<p>Option XL : 300g de riz<\/p>\n<p><em>Nasi putih*<\/em> : Riz blanc<\/p>\n<p><em>Ayam Goreng Kalasan *<\/em> : Blanc ou cuisse de poulet \u00e0 la javanaise cuit dans l&rsquo;eau de coco et les \u00e9pices et r\u00f4ti(e)<\/p>\n<p><em>Tofu Goreng Kunyit *<\/em> (V\u00e9gan) : Tofu marin\u00e9 et \u00ab\u00a0r\u00f4ti\u00a0\u00bb<\/p>\n<p><em>Sayur * <\/em>: Wok de l\u00e9gumes (selon le march\u00e9)<\/p>\n<p>&nbsp;<\/p>\n<p><!--more--><\/p>\n<h3><strong>Allerg\u00e8nes :<\/strong><\/h3>\n<p>Plat :<\/p>\n<ul>\n<li>Sauce soja, eau de coco<\/li>\n<\/ul>\n<p><!--more--><\/p>\n<h3>Calories et apports nutritionnels :<\/h3>\n<table width=\"451\">\n<tbody>\n<tr>\n<td width=\"451\">Nous rejoindre comme ami sur myfitnesspal<\/td>\n<\/tr>\n<tr>\n<td>Soit par nom d&rsquo;utilisateur Jeumpa_Gourmandise<\/td>\n<\/tr>\n<tr>\n<td>Soit par adresse mail : cakra010@yahoo.com<\/td>\n<\/tr>\n<tr>\n<td>Ensuite rechercher dans mon journal le menu du jour<\/td>\n<\/tr>\n<\/tbody>\n<\/table>\n<p>&nbsp;<\/p>\n<div id='gallery-1' class='gallery galleryid-1707 gallery-columns-3 gallery-size-thumbnail'><figure class='gallery-item'>\n\t\t\t<div class='gallery-icon portrait'>\n\t\t\t\t<a href='https:\/\/jeumpa.fr\/?attachment_id=1124'><img loading=\"lazy\" decoding=\"async\" width=\"150\" height=\"150\" src=\"https:\/\/jeumpa.fr\/wp-content\/uploads\/2024\/12\/Ayam-Goreng-Kalasan-Blanc-150x150.png\" class=\"attachment-thumbnail size-thumbnail\" alt=\"Ayam Goreng Kalasan Blanc\" aria-describedby=\"gallery-1-1124\" srcset=\"https:\/\/jeumpa.fr\/wp-content\/uploads\/2024\/12\/Ayam-Goreng-Kalasan-Blanc-150x150.png 150w, https:\/\/jeumpa.fr\/wp-content\/uploads\/2024\/12\/Ayam-Goreng-Kalasan-Blanc-95x95.png 95w, https:\/\/jeumpa.fr\/wp-content\/uploads\/2024\/12\/Ayam-Goreng-Kalasan-Blanc-275x275.png 275w, https:\/\/jeumpa.fr\/wp-content\/uploads\/2024\/12\/Ayam-Goreng-Kalasan-Blanc-50x50.png 50w, https:\/\/jeumpa.fr\/wp-content\/uploads\/2024\/12\/Ayam-Goreng-Kalasan-Blanc-230x230.png 230w, https:\/\/jeumpa.fr\/wp-content\/uploads\/2024\/12\/Ayam-Goreng-Kalasan-Blanc-100x100.png 100w\" sizes=\"auto, (max-width: 150px) 100vw, 150px\" \/><\/a>\n\t\t\t<\/div>\n\t\t\t\t<figcaption class='wp-caption-text gallery-caption' id='gallery-1-1124'>\n\t\t\t\tAyam Goreng Kalasan Blanc\n\t\t\t\t<\/figcaption><\/figure><figure class='gallery-item'>\n\t\t\t<div class='gallery-icon portrait'>\n\t\t\t\t<a href='https:\/\/jeumpa.fr\/?attachment_id=1125'><img loading=\"lazy\" decoding=\"async\" width=\"150\" height=\"150\" src=\"https:\/\/jeumpa.fr\/wp-content\/uploads\/2024\/12\/Ayam-Goreng-Kalasan-Cuisse-150x150.png\" class=\"attachment-thumbnail size-thumbnail\" alt=\"Ayam Goreng Kalasan Cuisse\" aria-describedby=\"gallery-1-1125\" srcset=\"https:\/\/jeumpa.fr\/wp-content\/uploads\/2024\/12\/Ayam-Goreng-Kalasan-Cuisse-150x150.png 150w, https:\/\/jeumpa.fr\/wp-content\/uploads\/2024\/12\/Ayam-Goreng-Kalasan-Cuisse-95x95.png 95w, https:\/\/jeumpa.fr\/wp-content\/uploads\/2024\/12\/Ayam-Goreng-Kalasan-Cuisse-275x275.png 275w, https:\/\/jeumpa.fr\/wp-content\/uploads\/2024\/12\/Ayam-Goreng-Kalasan-Cuisse-50x50.png 50w, https:\/\/jeumpa.fr\/wp-content\/uploads\/2024\/12\/Ayam-Goreng-Kalasan-Cuisse-230x230.png 230w, https:\/\/jeumpa.fr\/wp-content\/uploads\/2024\/12\/Ayam-Goreng-Kalasan-Cuisse-100x100.png 100w\" sizes=\"auto, (max-width: 150px) 100vw, 150px\" \/><\/a>\n\t\t\t<\/div>\n\t\t\t\t<figcaption class='wp-caption-text gallery-caption' id='gallery-1-1125'>\n\t\t\t\tAyam Goreng Kalasan Cuisse\n\t\t\t\t<\/figcaption><\/figure><figure class='gallery-item'>\n\t\t\t<div class='gallery-icon portrait'>\n\t\t\t\t<a href='https:\/\/jeumpa.fr\/?attachment_id=1127'><img loading=\"lazy\" decoding=\"async\" width=\"150\" height=\"150\" src=\"https:\/\/jeumpa.fr\/wp-content\/uploads\/2024\/12\/Sayuran-Bumbu-Kuning-150x150.png\" class=\"attachment-thumbnail size-thumbnail\" alt=\"Sayuran Bumbu Kuning\" aria-describedby=\"gallery-1-1127\" srcset=\"https:\/\/jeumpa.fr\/wp-content\/uploads\/2024\/12\/Sayuran-Bumbu-Kuning-150x150.png 150w, https:\/\/jeumpa.fr\/wp-content\/uploads\/2024\/12\/Sayuran-Bumbu-Kuning-95x95.png 95w, https:\/\/jeumpa.fr\/wp-content\/uploads\/2024\/12\/Sayuran-Bumbu-Kuning-275x275.png 275w, https:\/\/jeumpa.fr\/wp-content\/uploads\/2024\/12\/Sayuran-Bumbu-Kuning-50x50.png 50w, https:\/\/jeumpa.fr\/wp-content\/uploads\/2024\/12\/Sayuran-Bumbu-Kuning-230x230.png 230w, https:\/\/jeumpa.fr\/wp-content\/uploads\/2024\/12\/Sayuran-Bumbu-Kuning-100x100.png 100w\" sizes=\"auto, (max-width: 150px) 100vw, 150px\" \/><\/a>\n\t\t\t<\/div>\n\t\t\t\t<figcaption class='wp-caption-text gallery-caption' id='gallery-1-1127'>\n\t\t\t\tSayuran Bumbu Kuning\n\t\t\t\t<\/figcaption><\/figure>\n\t\t<\/div>\n\n","protected":false},"excerpt":{"rendered":"<p><!-- wp:paragraph --><\/p>\n<p><strong>\u00a0<\/strong>Nasi putih (Riz blanc 200g) &#8211; Ayam Goreng Kalasan (Poulet aux \u00e9pices 150g) &#8211; Wok de l\u00e9gumes (120g)<\/p>\n<p>Vegan : <em>Tofu Goreng Kunyit : <\/em>\u00a0Tofu marin\u00e9 et \u00ab\u00a0r\u00f4ti\u00a0\u00bb<\/p>\n<p>&nbsp;<\/p>\n<p><!-- \/wp:paragraph --><\/p>\n","protected":false},"featured_media":1128,"comment_status":"open","ping_status":"closed","template":"","meta":{"jetpack_post_was_ever_published":true},"product_brand":[],"product_cat":[55],"product_tag":[],"class_list":{"0":"post-1707","1":"product","2":"type-product","3":"status-publish","4":"has-post-thumbnail","6":"product_cat-plats-indonesiens","7":"wcpa_has_options","9":"first","10":"onbackorder","11":"shipping-taxable","12":"purchasable","13":"product-type-simple"},"jetpack_sharing_enabled":true,"wcpa_form_fields":{"wcpaData":{"product":{"product_price":14,"price_html":"<span class=\"woocommerce-Price-amount amount\"><bdi>14,00&nbsp;<span class=\"woocommerce-Price-currencySymbol\">&euro;<\/span><\/bdi><\/span>","original_product_price":14,"price_including_tax":14,"price_excluding_tax":14,"product_id":{"parent":1707,"variation":false},"is_variable":false,"stock_status":"onbackorder","stock_quantity":0,"parent_sku":"","product_attributes":{"vegan":{"is_variation":false,"values":["\"V\u00e9gan\"","\"Non V\u00e9gan\""]},"menu":{"is_variation":false,"values":["\"Plat Seul\"","\"Entr\u00e9e + Plat\"","\"Plat + Dessert\"","\"Entr\u00e9e + Plat + Dessert\""]}},"custom_fields":[],"is_taxable":false,"product_name":"Ayam Kalasan","hasImage":false},"fields":{"sec_9693efd25e9642":{"extra":{"key":"sec_9693efd25e9642","section_id":"sec_9693efd25e9642","name":"Default","status":1,"cl_rule":"show","enableCl":false,"relations":[],"toggle":true,"title_tag":"h3","show_title":false,"showPrice":"default","form_id":1684,"form_rules":{"exclude_from_discount":false,"fee_label":"Fee","disp_hide_options_price":false,"disp_show_section_price":false,"disp_show_field_price":true,"layout_option":"standard","pric_use_as_fee":false,"process_fee_as":"woo_fee"},"layout_option":"standard"},"fields":[[{"label":"Vegan ou Non Vegan ?","active":true,"required":false,"elementId":"select_7693efd25e9674","dropdown_type":"basic","name":"select_7693efd25e9674","label_position":"default","desc_position":"default","enablePrice":true,"className":"","enableCl":false,"relations":[{"operator":false,"rules":[{"operator":"AND","rules":{"cl_field":"select_7693efd25e9674","cl_relation":"is","cl_val":"Vegan"}}]}],"repeater_bind":"","repeater_field_label":"{field_label}","quantity_label":"Quantity","quantity_step":"1","quantity_decimal":false,"min_quantity":"1","values":[{"label":"Non Vegan","value":"Non Vegan","selected":false,"tempId":"aco_1186","price":"0","gt_translate_keys":["label"]},{"label":"Vegan","value":"Vegan","selected":false,"tempId":"aco_1185","price":"0","gt_translate_keys":["label"]}],"priceOptions":"different_for_all","pricingType":"fixed","isTemplate":false,"price":"","isWeightTemplate":false,"cl_rule":"hide","col":6,"type":"select","error":false,"gt_translate_keys":["label","repeater_field_label","quantity_label"],"price_dependency":false,"cl_dependency":["select-5903592365"],"value":""}],[{"label":"Poulet blanc ou cuisse ?","active":true,"required":false,"elementId":"select-5903592365","dropdown_type":"basic","name":"select-5903592365","label_position":"default","desc_position":"default","enablePrice":true,"className":"","enableCl":true,"relations":[{"operator":false,"rules":[{"operator":"AND","rules":{"cl_field":"select_7693efd25e9674","cl_relation":"is","cl_val":"Vegan"}}]}],"repeater_bind":"","repeater_field_label":"{field_label}","quantity_label":"Quantity","quantity_step":"1","quantity_decimal":false,"min_quantity":"1","values":[{"label":"Cuisse","value":"Cuisse","selected":false,"tempId":"aco_1186","price":"-1","gt_translate_keys":["label"]},{"label":"Blanc","value":"Blanc","selected":false,"tempId":"aco_1185","price":"0","gt_translate_keys":["label"]}],"priceOptions":"different_for_all","pricingType":"fixed","isTemplate":false,"price":"","isWeightTemplate":false,"cl_rule":"hide","col":6,"type":"select","error":false,"gt_translate_keys":["label","repeater_field_label","quantity_label"],"price_dependency":false,"cl_dependency":false,"value":""}]]},"sec_4693f0074c1d25":{"extra":{"key":"sec_4693f0074c1d25","section_id":"sec_4693f0074c1d25","name":"Default","status":1,"cl_rule":"show","enableCl":false,"relations":[],"toggle":true,"title_tag":"h3","show_title":false,"showPrice":"default","form_id":1686,"form_rules":{"exclude_from_discount":false,"fee_label":"Fee","disp_hide_options_price":false,"disp_show_section_price":false,"disp_show_field_price":true,"layout_option":"standard","pric_use_as_fee":false,"process_fee_as":"woo_fee"},"layout_option":"standard"},"fields":[[{"active":true,"col":6,"relations":false,"cl_rule":"show","enableCl":false,"price":"","enablePrice":false,"className":"","label_position":"default","desc_position":"default","type":"separator","required":false,"elementId":"separator_10693f0074c1d51","label":"Separator Field","height":"6","separatorType":"fill","error":false,"separatorColor":"#000000","gt_translate_keys":["label"],"price_dependency":false,"cl_dependency":false,"value":""}]]},"sec_9693efed0e88e7":{"extra":{"key":"sec_9693efed0e88e7","section_id":"sec_9693efed0e88e7","name":"Default","status":1,"cl_rule":"show","enableCl":false,"relations":[],"toggle":true,"title_tag":"h3","show_title":false,"showPrice":"default","form_id":1685,"form_rules":{"exclude_from_discount":false,"fee_label":"Fee","disp_hide_options_price":false,"disp_show_section_price":false,"disp_show_field_price":true,"layout_option":"standard","pric_use_as_fee":false,"process_fee_as":"woo_fee"},"layout_option":"standard"},"fields":[[{"label":"Option XL 300g de riz (au lieu de 200g)","active":true,"required":false,"elementId":"select_2693efed0e8915","dropdown_type":"basic","name":"select_2693efed0e8915","label_position":"default","desc_position":"default","enablePrice":true,"className":"","enableCl":false,"relations":false,"values":[{"label":"Non","value":"Non","selected":false,"tempId":"aco_1186","price":"0","gt_translate_keys":["label"]},{"label":"Oui","value":"Oui","selected":false,"tempId":"aco_1185","price":"1.5","gt_translate_keys":["label"]}],"priceOptions":"different_for_all","pricingType":"fixed","price":"","cl_rule":"show","col":6,"type":"select","gt_translate_keys":["label"],"price_dependency":false,"cl_dependency":false,"value":""}]]},"sec_8693efd0c2d221":{"extra":{"key":"sec_8693efd0c2d221","section_id":"sec_8693efd0c2d221","name":"Default","status":1,"cl_rule":"show","enableCl":false,"relations":[],"toggle":true,"title_tag":"h3","show_title":false,"showPrice":"default","form_id":1682,"form_rules":{"exclude_from_discount":false,"fee_label":"Fee","disp_hide_options_price":false,"disp_show_section_price":false,"disp_show_field_price":true,"layout_option":"standard","pric_use_as_fee":false,"process_fee_as":"woo_fee"},"layout_option":"standard"},"fields":[[{"active":true,"col":6,"relations":false,"cl_rule":"show","enableCl":false,"price":"","enablePrice":true,"className":"","label_position":"default","desc_position":"default","type":"select","required":false,"elementId":"select_8693efd0c2d27e","label":"Viande Hallal ?","name":"select_8693efd0c2d27e","values":[{"label":"Non","value":"Non","selected":false,"tempId":"aco_1751","price":"0","gt_translate_keys":["label"]},{"label":"Oui","value":"Oui","selected":false,"tempId":"aco_1752","price":"0.5","gt_translate_keys":["label"]}],"dropdown_type":"basic","error":false,"priceOptions":"different_for_all","pricingType":"fixed","gt_translate_keys":["label"],"price_dependency":false,"cl_dependency":false,"value":""}]]},"sec_5693efd1e99f3b":{"extra":{"key":"sec_5693efd1e99f3b","section_id":"sec_5693efd1e99f3b","name":"Default","status":1,"cl_rule":"show","enableCl":false,"relations":[],"toggle":true,"title_tag":"h3","show_title":false,"showPrice":"default","form_id":1683,"form_rules":{"exclude_from_discount":false,"fee_label":"Fee","disp_hide_options_price":false,"disp_show_section_price":false,"disp_show_field_price":true,"layout_option":"standard","pric_use_as_fee":false,"process_fee_as":"woo_fee"},"layout_option":"standard"},"fields":[[{"label":"Couverts jetables ?","active":true,"required":false,"elementId":"select_3693efd1e99f71","dropdown_type":"basic","name":"select_3693efd1e99f71","label_position":"default","desc_position":"default","enablePrice":true,"className":"","enableCl":false,"relations":false,"values":[{"label":"Non","value":"Non","selected":false,"tempId":"aco_1751","price":"0","gt_translate_keys":["label"]},{"label":"Oui","value":"Oui","selected":false,"tempId":"aco_1752","price":"0.5","gt_translate_keys":["label"]}],"priceOptions":"different_for_all","pricingType":"fixed","price":"","cl_rule":"show","col":6,"type":"select","gt_translate_keys":["label"],"price_dependency":false,"cl_dependency":false,"value":""}],[{"active":true,"col":6,"relations":false,"cl_rule":"show","enableCl":false,"price":"","enablePrice":false,"className":"","label_position":"default","desc_position":"default","type":"separator","required":false,"elementId":"separator_6693efd1e99f7b","label":"Separator Field","height":"6","separatorType":"fill","error":false,"separatorColor":"#000000","gt_translate_keys":["label"],"price_dependency":false,"cl_dependency":false,"value":""}],[{"label":"Allerg\u00e9nes","active":true,"required":false,"elementId":"text_9693efd1e99f80","value":"Liste des allerg\u00e8nes dans la description du produit","name":"text_9693efd1e99f80","label_position":"default","desc_position":"default","enablePrice":false,"className":"","enableCl":false,"relations":[{"operator":false,"rules":[{"operator":"AND","rules":{"cl_field":"","cl_relation":"","cl_val":""}}]}],"disable_manual_input":true,"subtype":"text","price":"","cl_rule":"show","col":6,"type":"text","error":false,"hideFieldIn_cart":true,"hideFieldIn_order":true,"gt_translate_keys":["label","value"],"price_dependency":false,"cl_dependency":false}],[{"active":true,"col":6,"relations":false,"cl_rule":"show","enableCl":false,"price":"","enablePrice":false,"className":"","label_position":"default","desc_position":"default","type":"textarea","required":false,"elementId":"textarea_3693efd1e99f86","label":"Pr\u00e9f\u00e9rences pour la livraison et commentaires \u00e9ventuels.","name":"textarea_3693efd1e99f86","value":"","rows":2,"error":false,"isWeightTemplate":false,"isTemplate":false,"min_quantity":"1","quantity_decimal":false,"quantity_step":"1","quantity_label":"Quantity","repeater_field_label":"{field_label}","repeater_bind":"","gt_translate_keys":["label","value","repeater_field_label","quantity_label"],"price_dependency":false,"cl_dependency":false}]]}},"config":{"price_override":"","enable_recaptcha":false,"bind_quantity":false,"quantity_bind_formula":false,"disp_summ_show_option_price":true,"disp_summ_show_product_price":true,"disp_summ_show_total_price":true,"disp_summ_show_fee":false,"disp_summ_show_discount":false,"summary_title":"","options_total_label":"Prix des options","total_label":"Total","options_product_label":"Prix du produit","fee_label":"Fee","discount_label":"Discount","has_price":true,"has_quantity_formula":false},"mc_unit":1,"tax_rate":1,"tax_rate_real":1,"discount":{"percentage":0,"fixed":0},"design":{"conf":{"LabelPosition":"above","DescPosition":"above","UploadField":"custom_1","QuantityFieldStyle":"default"},"css":{"LeftLabelWidth":"120px"}},"formulas":[],"lookuptables":[],"clones":false,"cartKey":false}},"_links":{"self":[{"href":"https:\/\/jeumpa.fr\/index.php\/wp-json\/wp\/v2\/product\/1707","targetHints":{"allow":["GET"]}}],"collection":[{"href":"https:\/\/jeumpa.fr\/index.php\/wp-json\/wp\/v2\/product"}],"about":[{"href":"https:\/\/jeumpa.fr\/index.php\/wp-json\/wp\/v2\/types\/product"}],"replies":[{"embeddable":true,"href":"https:\/\/jeumpa.fr\/index.php\/wp-json\/wp\/v2\/comments?post=1707"}],"wp:featuredmedia":[{"embeddable":true,"href":"https:\/\/jeumpa.fr\/index.php\/wp-json\/wp\/v2\/media\/1128"}],"wp:attachment":[{"href":"https:\/\/jeumpa.fr\/index.php\/wp-json\/wp\/v2\/media?parent=1707"}],"wp:term":[{"taxonomy":"product_brand","embeddable":true,"href":"https:\/\/jeumpa.fr\/index.php\/wp-json\/wp\/v2\/product_brand?post=1707"},{"taxonomy":"product_cat","embeddable":true,"href":"https:\/\/jeumpa.fr\/index.php\/wp-json\/wp\/v2\/product_cat?post=1707"},{"taxonomy":"product_tag","embeddable":true,"href":"https:\/\/jeumpa.fr\/index.php\/wp-json\/wp\/v2\/product_tag?post=1707"}],"curies":[{"name":"wp","href":"https:\/\/api.w.org\/{rel}","templated":true}]}}