
{"id":1657,"date":"2025-12-14T18:10:25","date_gmt":"2025-12-14T17:10:25","guid":{"rendered":"https:\/\/jeumpa.fr\/?post_type=product&#038;p=1657"},"modified":"2025-12-23T14:51:04","modified_gmt":"2025-12-23T13:51:04","slug":"tempeh-goreng-tepung","status":"publish","type":"product","link":"https:\/\/jeumpa.fr\/index.php\/product\/tempeh-goreng-tepung\/","title":{"rendered":"Tempeh goreng tepung"},"content":{"rendered":"<p>&nbsp;<\/p>\n<table>\n<tbody>\n<tr>\n<td width=\"601\"><strong>\u00a0Tempeh goreng tepung<\/strong><\/td>\n<\/tr>\n<\/tbody>\n<\/table>\n<p>4 morceaux de tempeh goreng tepung : <em data-start=\"0\" data-end=\"14\">Tempe goreng<\/em> est un plat indon\u00e9sien compos\u00e9 de <strong data-start=\"49\" data-end=\"64\">tempeh frit<\/strong>. Le <em data-start=\"69\" data-end=\"77\">tempeh<\/em> est un aliment ferment\u00e9 \u00e0 base de soja, riche en prot\u00e9ines et \u00e0 la texture ferme et l\u00e9g\u00e8rement croquante. Le tempeh est tremp\u00e9 dans une <strong data-start=\"54\" data-end=\"77\">p\u00e2te \u00e0 frire \u00e9pic\u00e9e<\/strong>. En indon\u00e9sien, cette version de <em data-start=\"111\" data-end=\"125\">tempe goreng<\/em> est souvent appel\u00e9e <strong data-start=\"146\" data-end=\"171\">\u00ab\u00a0Tempe Goreng Tepung\u00a0\u00bb<\/strong> (<em data-start=\"173\" data-end=\"203\">tempeh frit enrob\u00e9 de farine<\/em>). Le fait de tremper le tempeh dans un m\u00e9lange de farine et d\u2019\u00e9pices avant la friture lui donne une texture plus croustillante et savoureuse.<\/p>\n<p>Livr\u00e9 sans sauce piment.<\/p>\n<p>Sans gluten : pas de farine de bl\u00e9 (remplac\u00e9 par du Tapioca par exemple).<\/p>\n<h3><strong>Allerg\u00e8nes :<\/strong><\/h3>\n<ul>\n<li>gluten<\/li>\n<\/ul>\n<p>&nbsp;<\/p>\n<h3>Calories et apports nutritionnels :<\/h3>\n<table width=\"451\">\n<tbody>\n<tr>\n<td width=\"451\">Nous rejoindre comme ami sur myfitnesspal<\/td>\n<\/tr>\n<tr>\n<td>Soit par nom d&rsquo;utilisateur Jeumpa_Gourmandise<\/td>\n<\/tr>\n<tr>\n<td>Soit par adresse mail : cakra010@yahoo.com<\/td>\n<\/tr>\n<tr>\n<td>Ensuite rechercher dans mon journal le menu du jour<\/td>\n<\/tr>\n<\/tbody>\n<\/table>\n<div id='gallery-1' class='gallery galleryid-1657 gallery-columns-3 gallery-size-thumbnail'><figure class='gallery-item'>\n\t\t\t<div class='gallery-icon portrait'>\n\t\t\t\t<a href='https:\/\/jeumpa.fr\/?attachment_id=1666'><img loading=\"lazy\" decoding=\"async\" width=\"150\" height=\"150\" src=\"https:\/\/jeumpa.fr\/wp-content\/uploads\/2025\/12\/Tempeh-Goreng-Tepung-Gluten-Free-150x150.png\" class=\"attachment-thumbnail size-thumbnail\" alt=\"\" srcset=\"https:\/\/jeumpa.fr\/wp-content\/uploads\/2025\/12\/Tempeh-Goreng-Tepung-Gluten-Free-150x150.png 150w, https:\/\/jeumpa.fr\/wp-content\/uploads\/2025\/12\/Tempeh-Goreng-Tepung-Gluten-Free-95x95.png 95w, https:\/\/jeumpa.fr\/wp-content\/uploads\/2025\/12\/Tempeh-Goreng-Tepung-Gluten-Free-275x275.png 275w, https:\/\/jeumpa.fr\/wp-content\/uploads\/2025\/12\/Tempeh-Goreng-Tepung-Gluten-Free-50x50.png 50w, https:\/\/jeumpa.fr\/wp-content\/uploads\/2025\/12\/Tempeh-Goreng-Tepung-Gluten-Free-230x230.png 230w, https:\/\/jeumpa.fr\/wp-content\/uploads\/2025\/12\/Tempeh-Goreng-Tepung-Gluten-Free-300x300.png 300w, https:\/\/jeumpa.fr\/wp-content\/uploads\/2025\/12\/Tempeh-Goreng-Tepung-Gluten-Free-100x100.png 100w\" sizes=\"auto, (max-width: 150px) 100vw, 150px\" \/><\/a>\n\t\t\t<\/div><\/figure>\n\t\t<\/div>\n\n","protected":false},"excerpt":{"rendered":"<p>Tempeh Goreng : tempeh plong\u00e9 dans une p\u00e2te \u00e0 frire \u00e9pic\u00e9e et frit.(air fryer)<\/p>\n<p>Livr\u00e9 sans sauce piment.<\/p>\n<p>Sans gluten : pas de farine de bl\u00e9 (remplac\u00e9 par du Tapioca par exemple).<\/p>\n","protected":false},"featured_media":1667,"comment_status":"open","ping_status":"closed","template":"","meta":{"jetpack_post_was_ever_published":false},"product_brand":[],"product_cat":[22],"product_tag":[],"class_list":{"0":"post-1657","1":"product","2":"type-product","3":"status-publish","4":"has-post-thumbnail","6":"product_cat-snacks-sales","7":"wcpa_has_options","9":"first","10":"onbackorder","11":"shipping-taxable","12":"purchasable","13":"product-type-simple"},"jetpack_sharing_enabled":true,"wcpa_form_fields":{"wcpaData":{"product":{"product_price":3.5,"price_html":"<span class=\"woocommerce-Price-amount amount\"><bdi>3,50&nbsp;<span class=\"woocommerce-Price-currencySymbol\">&euro;<\/span><\/bdi><\/span>","original_product_price":3.5,"price_including_tax":3.5,"price_excluding_tax":3.5,"product_id":{"parent":1657,"variation":false},"is_variable":false,"stock_status":"onbackorder","stock_quantity":0,"parent_sku":"","product_attributes":[],"custom_fields":[],"is_taxable":false,"product_name":"Tempeh goreng tepung","hasImage":false},"fields":{"sec_366db260072fb3":{"extra":{"key":"sec_366db260072fb3","section_id":"sec_366db260072fb3","name":"Default","status":1,"cl_rule":"show","enableCl":false,"relations":[],"toggle":true,"title_tag":"h3","show_title":false,"showPrice":"default","form_id":512,"form_rules":{"exclude_from_discount":false,"fee_label":"Fee","disp_hide_options_price":false,"disp_show_section_price":false,"disp_show_field_price":true,"layout_option":"standard","pric_use_as_fee":false,"process_fee_as":"woo_fee"},"layout_option":"standard"},"fields":[[{"active":true,"col":6,"relations":false,"cl_rule":"show","enableCl":false,"price":"","enablePrice":true,"className":"","label_position":"default","desc_position":"default","type":"select","required":false,"elementId":"select_7214531081","label":"Gluten\/Sans Gluten","name":"select_7214531081","values":[{"label":"Gluten","value":"Gluten","selected":false,"tempId":"aco_1186","price":"0","gt_translate_keys":["label"]},{"label":"Sans Gluten","value":"Sans Gluteni","selected":false,"tempId":"aco_1185","price":"0","gt_translate_keys":["label"]}],"dropdown_type":"basic","error":false,"priceOptions":"different_for_all","pricingType":"fixed","isWeightTemplate":false,"isTemplate":false,"min_quantity":"1","quantity_decimal":false,"quantity_step":"1","quantity_label":"Quantity","repeater_field_label":"{field_label}","repeater_bind":"","gt_translate_keys":["label","repeater_field_label","quantity_label"],"price_dependency":false,"cl_dependency":false,"value":""}]]}},"config":{"price_override":"","enable_recaptcha":false,"bind_quantity":false,"quantity_bind_formula":false,"disp_summ_show_option_price":true,"disp_summ_show_product_price":true,"disp_summ_show_total_price":true,"disp_summ_show_fee":false,"disp_summ_show_discount":false,"summary_title":"","options_total_label":"Prix des options","total_label":"Total","options_product_label":"Prix du produit","fee_label":"Fee","discount_label":"Discount","has_price":true,"has_quantity_formula":false},"mc_unit":1,"tax_rate":1,"tax_rate_real":1,"discount":{"percentage":0,"fixed":0},"design":{"conf":{"LabelPosition":"above","DescPosition":"above","UploadField":"custom_1","QuantityFieldStyle":"default"},"css":{"LeftLabelWidth":"120px"}},"formulas":[],"lookuptables":[],"clones":false,"cartKey":false}},"_links":{"self":[{"href":"https:\/\/jeumpa.fr\/index.php\/wp-json\/wp\/v2\/product\/1657","targetHints":{"allow":["GET"]}}],"collection":[{"href":"https:\/\/jeumpa.fr\/index.php\/wp-json\/wp\/v2\/product"}],"about":[{"href":"https:\/\/jeumpa.fr\/index.php\/wp-json\/wp\/v2\/types\/product"}],"replies":[{"embeddable":true,"href":"https:\/\/jeumpa.fr\/index.php\/wp-json\/wp\/v2\/comments?post=1657"}],"wp:featuredmedia":[{"embeddable":true,"href":"https:\/\/jeumpa.fr\/index.php\/wp-json\/wp\/v2\/media\/1667"}],"wp:attachment":[{"href":"https:\/\/jeumpa.fr\/index.php\/wp-json\/wp\/v2\/media?parent=1657"}],"wp:term":[{"taxonomy":"product_brand","embeddable":true,"href":"https:\/\/jeumpa.fr\/index.php\/wp-json\/wp\/v2\/product_brand?post=1657"},{"taxonomy":"product_cat","embeddable":true,"href":"https:\/\/jeumpa.fr\/index.php\/wp-json\/wp\/v2\/product_cat?post=1657"},{"taxonomy":"product_tag","embeddable":true,"href":"https:\/\/jeumpa.fr\/index.php\/wp-json\/wp\/v2\/product_tag?post=1657"}],"curies":[{"name":"wp","href":"https:\/\/api.w.org\/{rel}","templated":true}]}}