
{"id":1645,"date":"2025-12-14T17:56:01","date_gmt":"2025-12-14T16:56:01","guid":{"rendered":"https:\/\/jeumpa.fr\/?post_type=product&#038;p=1645"},"modified":"2025-12-23T14:51:16","modified_gmt":"2025-12-23T13:51:16","slug":"nasi-goreng-sate-ayam","status":"publish","type":"product","link":"https:\/\/jeumpa.fr\/index.php\/product\/nasi-goreng-sate-ayam\/","title":{"rendered":"Nasi Goreng et Sate Ayam"},"content":{"rendered":"<h3><strong>Plat : Nasi Goreng (200g) + Sate Ayam\/Tofu\u00a0 (150g) + Wok de legumes (100g)<\/strong><\/h3>\n<p>Option XL : 300g de riz<\/p>\n<p><em>Nasi Goreng*<\/em>\u00a0: Riz saut\u00e9 \u00e0 l\u2019indon\u00e9sienne<\/p>\n<p><em>Sate Ayam*<\/em>\u00a0: Brochette de poulet<\/p>\n<h3><em>Sate Tofu<\/em> pour option v\u00e9gan<\/h3>\n<p><em>Wok de l\u00e9gumes<\/em><\/p>\n<p>* cuisin\u00e9 avec <em>kecap manis <\/em>(la sauce soja sucr\u00e9e traditionnelle indon\u00e9sienne)<\/p>\n<h3><strong>Allerg\u00e8nes :<\/strong><\/h3>\n<p>Plat :<\/p>\n<ul>\n<li>Soja (sauce soja)<\/li>\n<\/ul>\n<h3>Calories et apports nutritionnels :<\/h3>\n<table width=\"451\">\n<tbody>\n<tr>\n<td width=\"451\">Nous rejoindre comme ami sur myfitnesspal<\/td>\n<\/tr>\n<tr>\n<td>Soit par nom d&rsquo;utilisateur Jeumpa_Gourmandise<\/td>\n<\/tr>\n<tr>\n<td>Soit par adresse mail : cakra010@yahoo.com<\/td>\n<\/tr>\n<tr>\n<td>Ensuite rechercher dans mon journal le menu du jour<\/td>\n<\/tr>\n<\/tbody>\n<\/table>\n<div id='gallery-1' class='gallery galleryid-1645 gallery-columns-3 gallery-size-thumbnail'><figure class='gallery-item'>\n\t\t\t<div class='gallery-icon portrait'>\n\t\t\t\t<a href='https:\/\/jeumpa.fr\/?attachment_id=1049'><img loading=\"lazy\" decoding=\"async\" width=\"150\" height=\"150\" src=\"https:\/\/jeumpa.fr\/wp-content\/uploads\/2024\/09\/sate-ayam-150x150.png\" class=\"attachment-thumbnail size-thumbnail\" alt=\"sate ayam\" aria-describedby=\"gallery-1-1049\" srcset=\"https:\/\/jeumpa.fr\/wp-content\/uploads\/2024\/09\/sate-ayam-150x150.png 150w, https:\/\/jeumpa.fr\/wp-content\/uploads\/2024\/09\/sate-ayam-95x95.png 95w, https:\/\/jeumpa.fr\/wp-content\/uploads\/2024\/09\/sate-ayam-275x275.png 275w, https:\/\/jeumpa.fr\/wp-content\/uploads\/2024\/09\/sate-ayam-50x50.png 50w, https:\/\/jeumpa.fr\/wp-content\/uploads\/2024\/09\/sate-ayam-230x230.png 230w, https:\/\/jeumpa.fr\/wp-content\/uploads\/2024\/09\/sate-ayam-100x100.png 100w\" sizes=\"auto, (max-width: 150px) 100vw, 150px\" \/><\/a>\n\t\t\t<\/div>\n\t\t\t\t<figcaption class='wp-caption-text gallery-caption' id='gallery-1-1049'>\n\t\t\t\tsate ayam\n\t\t\t\t<\/figcaption><\/figure><figure class='gallery-item'>\n\t\t\t<div class='gallery-icon portrait'>\n\t\t\t\t<a href='https:\/\/jeumpa.fr\/?attachment_id=1050'><img loading=\"lazy\" decoding=\"async\" width=\"150\" height=\"150\" src=\"https:\/\/jeumpa.fr\/wp-content\/uploads\/2024\/09\/Sate-Tofu-Bjorg-1-150x150.png\" class=\"attachment-thumbnail size-thumbnail\" alt=\"Sate Tofu Bjorg\" aria-describedby=\"gallery-1-1050\" srcset=\"https:\/\/jeumpa.fr\/wp-content\/uploads\/2024\/09\/Sate-Tofu-Bjorg-1-150x150.png 150w, https:\/\/jeumpa.fr\/wp-content\/uploads\/2024\/09\/Sate-Tofu-Bjorg-1-95x95.png 95w, https:\/\/jeumpa.fr\/wp-content\/uploads\/2024\/09\/Sate-Tofu-Bjorg-1-275x275.png 275w, https:\/\/jeumpa.fr\/wp-content\/uploads\/2024\/09\/Sate-Tofu-Bjorg-1-50x50.png 50w, https:\/\/jeumpa.fr\/wp-content\/uploads\/2024\/09\/Sate-Tofu-Bjorg-1-230x230.png 230w, https:\/\/jeumpa.fr\/wp-content\/uploads\/2024\/09\/Sate-Tofu-Bjorg-1-100x100.png 100w\" sizes=\"auto, (max-width: 150px) 100vw, 150px\" \/><\/a>\n\t\t\t<\/div>\n\t\t\t\t<figcaption class='wp-caption-text gallery-caption' id='gallery-1-1050'>\n\t\t\t\tSate Tofu Bjorg\n\t\t\t\t<\/figcaption><\/figure>\n\t\t<\/div>\n\n","protected":false},"excerpt":{"rendered":"<p>Laissez-vous tenter par ce grand classique de la cuisine Indonesienne.<\/p>\n<p>Le\u00a0 Nasi Goreng (nasgor !)<\/p>\n<p>Nasi Goreng + Sate Ayam + wok de legumes (Vegan : Tofu)<\/p>\n<p>&nbsp;<\/p>\n","protected":false},"featured_media":1405,"comment_status":"open","ping_status":"closed","template":"","meta":{"jetpack_post_was_ever_published":false},"product_brand":[],"product_cat":[55],"product_tag":[],"class_list":{"0":"post-1645","1":"product","2":"type-product","3":"status-publish","4":"has-post-thumbnail","6":"product_cat-plats-indonesiens","7":"wcpa_has_options","9":"first","10":"onbackorder","11":"shipping-taxable","12":"purchasable","13":"product-type-simple"},"jetpack_sharing_enabled":true,"wcpa_form_fields":{"wcpaData":{"product":{"product_price":12.5,"price_html":"<span class=\"woocommerce-Price-amount amount\"><bdi>12,50&nbsp;<span class=\"woocommerce-Price-currencySymbol\">&euro;<\/span><\/bdi><\/span>","original_product_price":12.5,"price_including_tax":12.5,"price_excluding_tax":12.5,"product_id":{"parent":1645,"variation":false},"is_variable":false,"stock_status":"onbackorder","stock_quantity":0,"parent_sku":"","product_attributes":[],"custom_fields":[],"is_taxable":false,"product_name":"Nasi Goreng et Sate Ayam","hasImage":false},"fields":{"sec_2693efd0686c04":{"extra":{"key":"sec_2693efd0686c04","section_id":"sec_2693efd0686c04","name":"Default","status":1,"cl_rule":"show","enableCl":false,"relations":[],"toggle":true,"title_tag":"h3","show_title":false,"showPrice":"default","form_id":1681,"form_rules":{"exclude_from_discount":false,"fee_label":"Fee","disp_hide_options_price":false,"disp_show_section_price":false,"disp_show_field_price":true,"layout_option":"standard","pric_use_as_fee":false,"process_fee_as":"woo_fee"},"layout_option":"standard"},"fields":[[{"active":true,"col":6,"relations":false,"cl_rule":"show","enableCl":false,"price":"","enablePrice":true,"className":"","label_position":"default","desc_position":"default","type":"select","required":false,"elementId":"select_3693efd0686c2c","label":"Vegan ou non Vegan ?","name":"select_3693efd0686c2c","values":[{"label":"Non Vegan","value":"Non Vegan","selected":false,"tempId":"aco_1186","price":"0","gt_translate_keys":["label"]},{"label":"Vegan","value":"Vegan","selected":false,"tempId":"aco_1185","price":"0","gt_translate_keys":["label"]}],"dropdown_type":"basic","error":false,"priceOptions":"different_for_all","pricingType":"fixed","isWeightTemplate":false,"isTemplate":false,"min_quantity":"1","quantity_decimal":false,"quantity_step":"1","quantity_label":"Quantity","repeater_field_label":"{field_label}","repeater_bind":"","gt_translate_keys":["label","repeater_field_label","quantity_label"],"price_dependency":false,"cl_dependency":false,"value":""}]]},"sec_4693f0074c1d25":{"extra":{"key":"sec_4693f0074c1d25","section_id":"sec_4693f0074c1d25","name":"Default","status":1,"cl_rule":"show","enableCl":false,"relations":[],"toggle":true,"title_tag":"h3","show_title":false,"showPrice":"default","form_id":1686,"form_rules":{"exclude_from_discount":false,"fee_label":"Fee","disp_hide_options_price":false,"disp_show_section_price":false,"disp_show_field_price":true,"layout_option":"standard","pric_use_as_fee":false,"process_fee_as":"woo_fee"},"layout_option":"standard"},"fields":[[{"active":true,"col":6,"relations":false,"cl_rule":"show","enableCl":false,"price":"","enablePrice":false,"className":"","label_position":"default","desc_position":"default","type":"separator","required":false,"elementId":"separator_10693f0074c1d51","label":"Separator Field","height":"6","separatorType":"fill","error":false,"separatorColor":"#000000","gt_translate_keys":["label"],"price_dependency":false,"cl_dependency":false,"value":""}]]},"sec_9693efed0e88e7":{"extra":{"key":"sec_9693efed0e88e7","section_id":"sec_9693efed0e88e7","name":"Default","status":1,"cl_rule":"show","enableCl":false,"relations":[],"toggle":true,"title_tag":"h3","show_title":false,"showPrice":"default","form_id":1685,"form_rules":{"exclude_from_discount":false,"fee_label":"Fee","disp_hide_options_price":false,"disp_show_section_price":false,"disp_show_field_price":true,"layout_option":"standard","pric_use_as_fee":false,"process_fee_as":"woo_fee"},"layout_option":"standard"},"fields":[[{"label":"Option XL 300g de riz (au lieu de 200g)","active":true,"required":false,"elementId":"select_2693efed0e8915","dropdown_type":"basic","name":"select_2693efed0e8915","label_position":"default","desc_position":"default","enablePrice":true,"className":"","enableCl":false,"relations":false,"values":[{"label":"Non","value":"Non","selected":false,"tempId":"aco_1186","price":"0","gt_translate_keys":["label"]},{"label":"Oui","value":"Oui","selected":false,"tempId":"aco_1185","price":"1.5","gt_translate_keys":["label"]}],"priceOptions":"different_for_all","pricingType":"fixed","price":"","cl_rule":"show","col":6,"type":"select","gt_translate_keys":["label"],"price_dependency":false,"cl_dependency":false,"value":""}]]},"sec_8693efd0c2d221":{"extra":{"key":"sec_8693efd0c2d221","section_id":"sec_8693efd0c2d221","name":"Default","status":1,"cl_rule":"show","enableCl":false,"relations":[],"toggle":true,"title_tag":"h3","show_title":false,"showPrice":"default","form_id":1682,"form_rules":{"exclude_from_discount":false,"fee_label":"Fee","disp_hide_options_price":false,"disp_show_section_price":false,"disp_show_field_price":true,"layout_option":"standard","pric_use_as_fee":false,"process_fee_as":"woo_fee"},"layout_option":"standard"},"fields":[[{"active":true,"col":6,"relations":false,"cl_rule":"show","enableCl":false,"price":"","enablePrice":true,"className":"","label_position":"default","desc_position":"default","type":"select","required":false,"elementId":"select_8693efd0c2d27e","label":"Viande Hallal ?","name":"select_8693efd0c2d27e","values":[{"label":"Non","value":"Non","selected":false,"tempId":"aco_1751","price":"0","gt_translate_keys":["label"]},{"label":"Oui","value":"Oui","selected":false,"tempId":"aco_1752","price":"0.5","gt_translate_keys":["label"]}],"dropdown_type":"basic","error":false,"priceOptions":"different_for_all","pricingType":"fixed","gt_translate_keys":["label"],"price_dependency":false,"cl_dependency":false,"value":""}]]},"sec_5693efd1e99f3b":{"extra":{"key":"sec_5693efd1e99f3b","section_id":"sec_5693efd1e99f3b","name":"Default","status":1,"cl_rule":"show","enableCl":false,"relations":[],"toggle":true,"title_tag":"h3","show_title":false,"showPrice":"default","form_id":1683,"form_rules":{"exclude_from_discount":false,"fee_label":"Fee","disp_hide_options_price":false,"disp_show_section_price":false,"disp_show_field_price":true,"layout_option":"standard","pric_use_as_fee":false,"process_fee_as":"woo_fee"},"layout_option":"standard"},"fields":[[{"label":"Couverts jetables ?","active":true,"required":false,"elementId":"select_3693efd1e99f71","dropdown_type":"basic","name":"select_3693efd1e99f71","label_position":"default","desc_position":"default","enablePrice":true,"className":"","enableCl":false,"relations":false,"values":[{"label":"Non","value":"Non","selected":false,"tempId":"aco_1751","price":"0","gt_translate_keys":["label"]},{"label":"Oui","value":"Oui","selected":false,"tempId":"aco_1752","price":"0.5","gt_translate_keys":["label"]}],"priceOptions":"different_for_all","pricingType":"fixed","price":"","cl_rule":"show","col":6,"type":"select","gt_translate_keys":["label"],"price_dependency":false,"cl_dependency":false,"value":""}],[{"active":true,"col":6,"relations":false,"cl_rule":"show","enableCl":false,"price":"","enablePrice":false,"className":"","label_position":"default","desc_position":"default","type":"separator","required":false,"elementId":"separator_6693efd1e99f7b","label":"Separator Field","height":"6","separatorType":"fill","error":false,"separatorColor":"#000000","gt_translate_keys":["label"],"price_dependency":false,"cl_dependency":false,"value":""}],[{"label":"Allerg\u00e9nes","active":true,"required":false,"elementId":"text_9693efd1e99f80","value":"Liste des allerg\u00e8nes dans la description du produit","name":"text_9693efd1e99f80","label_position":"default","desc_position":"default","enablePrice":false,"className":"","enableCl":false,"relations":[{"operator":false,"rules":[{"operator":"AND","rules":{"cl_field":"","cl_relation":"","cl_val":""}}]}],"disable_manual_input":true,"subtype":"text","price":"","cl_rule":"show","col":6,"type":"text","error":false,"hideFieldIn_cart":true,"hideFieldIn_order":true,"gt_translate_keys":["label","value"],"price_dependency":false,"cl_dependency":false}],[{"active":true,"col":6,"relations":false,"cl_rule":"show","enableCl":false,"price":"","enablePrice":false,"className":"","label_position":"default","desc_position":"default","type":"textarea","required":false,"elementId":"textarea_3693efd1e99f86","label":"Pr\u00e9f\u00e9rences pour la livraison et commentaires \u00e9ventuels.","name":"textarea_3693efd1e99f86","value":"","rows":2,"error":false,"isWeightTemplate":false,"isTemplate":false,"min_quantity":"1","quantity_decimal":false,"quantity_step":"1","quantity_label":"Quantity","repeater_field_label":"{field_label}","repeater_bind":"","gt_translate_keys":["label","value","repeater_field_label","quantity_label"],"price_dependency":false,"cl_dependency":false}]]}},"config":{"price_override":"","enable_recaptcha":false,"bind_quantity":false,"quantity_bind_formula":false,"disp_summ_show_option_price":true,"disp_summ_show_product_price":true,"disp_summ_show_total_price":true,"disp_summ_show_fee":false,"disp_summ_show_discount":false,"summary_title":"","options_total_label":"Prix des options","total_label":"Total","options_product_label":"Prix du produit","fee_label":"Fee","discount_label":"Discount","has_price":true,"has_quantity_formula":false},"mc_unit":1,"tax_rate":1,"tax_rate_real":1,"discount":{"percentage":0,"fixed":0},"design":{"conf":{"LabelPosition":"above","DescPosition":"above","UploadField":"custom_1","QuantityFieldStyle":"default"},"css":{"LeftLabelWidth":"120px"}},"formulas":[],"lookuptables":[],"clones":false,"cartKey":false}},"_links":{"self":[{"href":"https:\/\/jeumpa.fr\/index.php\/wp-json\/wp\/v2\/product\/1645","targetHints":{"allow":["GET"]}}],"collection":[{"href":"https:\/\/jeumpa.fr\/index.php\/wp-json\/wp\/v2\/product"}],"about":[{"href":"https:\/\/jeumpa.fr\/index.php\/wp-json\/wp\/v2\/types\/product"}],"replies":[{"embeddable":true,"href":"https:\/\/jeumpa.fr\/index.php\/wp-json\/wp\/v2\/comments?post=1645"}],"wp:featuredmedia":[{"embeddable":true,"href":"https:\/\/jeumpa.fr\/index.php\/wp-json\/wp\/v2\/media\/1405"}],"wp:attachment":[{"href":"https:\/\/jeumpa.fr\/index.php\/wp-json\/wp\/v2\/media?parent=1645"}],"wp:term":[{"taxonomy":"product_brand","embeddable":true,"href":"https:\/\/jeumpa.fr\/index.php\/wp-json\/wp\/v2\/product_brand?post=1645"},{"taxonomy":"product_cat","embeddable":true,"href":"https:\/\/jeumpa.fr\/index.php\/wp-json\/wp\/v2\/product_cat?post=1645"},{"taxonomy":"product_tag","embeddable":true,"href":"https:\/\/jeumpa.fr\/index.php\/wp-json\/wp\/v2\/product_tag?post=1645"}],"curies":[{"name":"wp","href":"https:\/\/api.w.org\/{rel}","templated":true}]}}