
{"id":1454,"date":"2025-12-14T10:00:21","date_gmt":"2025-12-14T09:00:21","guid":{"rendered":"https:\/\/jeumpa.fr\/?post_type=product&#038;p=1454"},"modified":"2025-12-23T14:51:38","modified_gmt":"2025-12-23T13:51:38","slug":"soto-ayam","status":"publish","type":"product","link":"https:\/\/jeumpa.fr\/index.php\/product\/soto-ayam\/","title":{"rendered":"Soto Ayam"},"content":{"rendered":"<p>Vous pouvez indiquer votre pr\u00e9f\u00e9rence de livraison dans la case \u00ab\u00a0Pr\u00e9f\u00e9rences pour la livraison et commentaires \u00e9ventuels\u00a0\u00bb , dans tous les cas nous vous contacterons apr\u00e8s votre commande pour organiser la livraison.<\/p>\n<p><!--more--><\/p>\n<h3><strong>Soto Ayam<\/strong><\/h3>\n<p>Option XL : 130g vermicelle de Riz (poids a sec)<\/p>\n<p>Soto Ayam : soupe indon\u00e9sienne \u00e0 base de poulet (100g), servie avec vermicelles de riz (65 g \u00e0 sec), du chou (75g), des haricots mungo (75g) un oeuf dur et un bouillon parfum\u00e9 aux \u00e9pices.<\/p>\n<p><strong>Option v\u00e9gan : 200g tofu (sans oeuf)<\/strong><\/p>\n<h3><\/h3>\n<h3><strong>Allerg\u00e8nes :<\/strong><\/h3>\n<ul>\n<li>lait de coco<\/li>\n<\/ul>\n<h3>Calories et apports nutritionnels :<\/h3>\n<table width=\"451\">\n<tbody>\n<tr>\n<td width=\"451\">Nous rejoindre comme ami sur myfitnesspal<\/td>\n<\/tr>\n<tr>\n<td>Soit par nom d&rsquo;utilisateur Jeumpa_Gourmandise<\/td>\n<\/tr>\n<tr>\n<td>Soit par adresse mail : cakra010@yahoo.com<\/td>\n<\/tr>\n<tr>\n<td>Ensuite rechercher dans mon journal le menu du jour<\/td>\n<\/tr>\n<\/tbody>\n<\/table>\n<p>&nbsp;<\/p>\n<p>\u00e0 venir<\/p>\n","protected":false},"excerpt":{"rendered":"<p>Soto Ayam : soupe indon\u00e9sienne \u00e0 base de poulet, \u00a0servie avec vermicelles de riz, du chou, des \u0153ufs durs et un bouillon parfum\u00e9 aux \u00e9pices.<\/p>\n<p>(Vegan tofu remplace le poulet et l&rsquo;oeuf)<\/p>\n","protected":false},"featured_media":1554,"comment_status":"open","ping_status":"closed","template":"","meta":{"jetpack_post_was_ever_published":false},"product_brand":[],"product_cat":[55],"product_tag":[],"class_list":{"0":"post-1454","1":"product","2":"type-product","3":"status-publish","4":"has-post-thumbnail","6":"product_cat-plats-indonesiens","7":"wcpa_has_options","9":"first","10":"onbackorder","11":"shipping-taxable","12":"purchasable","13":"product-type-simple"},"jetpack_sharing_enabled":true,"wcpa_form_fields":{"wcpaData":{"product":{"product_price":15,"price_html":"<span class=\"woocommerce-Price-amount amount\"><bdi>15,00&nbsp;<span class=\"woocommerce-Price-currencySymbol\">&euro;<\/span><\/bdi><\/span>","original_product_price":15,"price_including_tax":15,"price_excluding_tax":15,"product_id":{"parent":1454,"variation":false},"is_variable":false,"stock_status":"onbackorder","stock_quantity":0,"parent_sku":"","product_attributes":[],"custom_fields":[],"is_taxable":false,"product_name":"Soto Ayam","hasImage":false},"fields":{"sec_9693efd25e9642":{"extra":{"key":"sec_9693efd25e9642","section_id":"sec_9693efd25e9642","name":"Default","status":1,"cl_rule":"show","enableCl":false,"relations":[],"toggle":true,"title_tag":"h3","show_title":false,"showPrice":"default","form_id":1684,"form_rules":{"exclude_from_discount":false,"fee_label":"Fee","disp_hide_options_price":false,"disp_show_section_price":false,"disp_show_field_price":true,"layout_option":"standard","pric_use_as_fee":false,"process_fee_as":"woo_fee"},"layout_option":"standard"},"fields":[[{"label":"Vegan ou Non Vegan ?","active":true,"required":false,"elementId":"select_7693efd25e9674","dropdown_type":"basic","name":"select_7693efd25e9674","label_position":"default","desc_position":"default","enablePrice":true,"className":"","enableCl":false,"relations":[{"operator":false,"rules":[{"operator":"AND","rules":{"cl_field":"select_7693efd25e9674","cl_relation":"is","cl_val":"Vegan"}}]}],"repeater_bind":"","repeater_field_label":"{field_label}","quantity_label":"Quantity","quantity_step":"1","quantity_decimal":false,"min_quantity":"1","values":[{"label":"Non Vegan","value":"Non Vegan","selected":false,"tempId":"aco_1186","price":"0","gt_translate_keys":["label"]},{"label":"Vegan","value":"Vegan","selected":false,"tempId":"aco_1185","price":"0","gt_translate_keys":["label"]}],"priceOptions":"different_for_all","pricingType":"fixed","isTemplate":false,"price":"","isWeightTemplate":false,"cl_rule":"hide","col":6,"type":"select","error":false,"gt_translate_keys":["label","repeater_field_label","quantity_label"],"price_dependency":false,"cl_dependency":["select-5903592365"],"value":""}],[{"label":"Poulet blanc ou cuisse ?","active":true,"required":false,"elementId":"select-5903592365","dropdown_type":"basic","name":"select-5903592365","label_position":"default","desc_position":"default","enablePrice":true,"className":"","enableCl":true,"relations":[{"operator":false,"rules":[{"operator":"AND","rules":{"cl_field":"select_7693efd25e9674","cl_relation":"is","cl_val":"Vegan"}}]}],"repeater_bind":"","repeater_field_label":"{field_label}","quantity_label":"Quantity","quantity_step":"1","quantity_decimal":false,"min_quantity":"1","values":[{"label":"Cuisse","value":"Cuisse","selected":false,"tempId":"aco_1186","price":"-1","gt_translate_keys":["label"]},{"label":"Blanc","value":"Blanc","selected":false,"tempId":"aco_1185","price":"0","gt_translate_keys":["label"]}],"priceOptions":"different_for_all","pricingType":"fixed","isTemplate":false,"price":"","isWeightTemplate":false,"cl_rule":"hide","col":6,"type":"select","error":false,"gt_translate_keys":["label","repeater_field_label","quantity_label"],"price_dependency":false,"cl_dependency":false,"value":""}]]},"sec_4693f0074c1d25":{"extra":{"key":"sec_4693f0074c1d25","section_id":"sec_4693f0074c1d25","name":"Default","status":1,"cl_rule":"show","enableCl":false,"relations":[],"toggle":true,"title_tag":"h3","show_title":false,"showPrice":"default","form_id":1686,"form_rules":{"exclude_from_discount":false,"fee_label":"Fee","disp_hide_options_price":false,"disp_show_section_price":false,"disp_show_field_price":true,"layout_option":"standard","pric_use_as_fee":false,"process_fee_as":"woo_fee"},"layout_option":"standard"},"fields":[[{"active":true,"col":6,"relations":false,"cl_rule":"show","enableCl":false,"price":"","enablePrice":false,"className":"","label_position":"default","desc_position":"default","type":"separator","required":false,"elementId":"separator_10693f0074c1d51","label":"Separator Field","height":"6","separatorType":"fill","error":false,"separatorColor":"#000000","gt_translate_keys":["label"],"price_dependency":false,"cl_dependency":false,"value":""}]]},"sec_9693f05ad28581":{"extra":{"key":"sec_9693f05ad28581","section_id":"sec_9693f05ad28581","name":"Default","status":1,"cl_rule":"show","enableCl":false,"relations":[],"toggle":true,"title_tag":"h3","show_title":false,"showPrice":"default","form_id":1696,"form_rules":{"exclude_from_discount":false,"fee_label":"Fee","disp_hide_options_price":false,"disp_show_section_price":false,"disp_show_field_price":true,"layout_option":"standard","pric_use_as_fee":false,"process_fee_as":"woo_fee"},"layout_option":"standard"},"fields":[[{"active":true,"col":6,"relations":false,"cl_rule":"show","enableCl":false,"price":"","enablePrice":true,"className":"","label_position":"default","desc_position":"default","type":"select","required":false,"elementId":"select_10693f05ad285ad","label":"Option XL 130 g de vermicelle de riz (poids sec)","name":"select_10693f05ad285ad","values":[{"label":"Non","value":"Non","selected":false,"tempId":"aco_1186","price":"0","gt_translate_keys":["label"]},{"label":"Oui","value":"Oui","selected":false,"tempId":"aco_1185","price":"1.5","gt_translate_keys":["label"]}],"dropdown_type":"basic","error":false,"priceOptions":"different_for_all","pricingType":"fixed","gt_translate_keys":["label"],"price_dependency":false,"cl_dependency":false,"value":""}]]},"sec_8693efd0c2d221":{"extra":{"key":"sec_8693efd0c2d221","section_id":"sec_8693efd0c2d221","name":"Default","status":1,"cl_rule":"show","enableCl":false,"relations":[],"toggle":true,"title_tag":"h3","show_title":false,"showPrice":"default","form_id":1682,"form_rules":{"exclude_from_discount":false,"fee_label":"Fee","disp_hide_options_price":false,"disp_show_section_price":false,"disp_show_field_price":true,"layout_option":"standard","pric_use_as_fee":false,"process_fee_as":"woo_fee"},"layout_option":"standard"},"fields":[[{"active":true,"col":6,"relations":false,"cl_rule":"show","enableCl":false,"price":"","enablePrice":true,"className":"","label_position":"default","desc_position":"default","type":"select","required":false,"elementId":"select_8693efd0c2d27e","label":"Viande Hallal ?","name":"select_8693efd0c2d27e","values":[{"label":"Non","value":"Non","selected":false,"tempId":"aco_1751","price":"0","gt_translate_keys":["label"]},{"label":"Oui","value":"Oui","selected":false,"tempId":"aco_1752","price":"0.5","gt_translate_keys":["label"]}],"dropdown_type":"basic","error":false,"priceOptions":"different_for_all","pricingType":"fixed","gt_translate_keys":["label"],"price_dependency":false,"cl_dependency":false,"value":""}]]},"sec_5693efd1e99f3b":{"extra":{"key":"sec_5693efd1e99f3b","section_id":"sec_5693efd1e99f3b","name":"Default","status":1,"cl_rule":"show","enableCl":false,"relations":[],"toggle":true,"title_tag":"h3","show_title":false,"showPrice":"default","form_id":1683,"form_rules":{"exclude_from_discount":false,"fee_label":"Fee","disp_hide_options_price":false,"disp_show_section_price":false,"disp_show_field_price":true,"layout_option":"standard","pric_use_as_fee":false,"process_fee_as":"woo_fee"},"layout_option":"standard"},"fields":[[{"label":"Couverts jetables ?","active":true,"required":false,"elementId":"select_3693efd1e99f71","dropdown_type":"basic","name":"select_3693efd1e99f71","label_position":"default","desc_position":"default","enablePrice":true,"className":"","enableCl":false,"relations":false,"values":[{"label":"Non","value":"Non","selected":false,"tempId":"aco_1751","price":"0","gt_translate_keys":["label"]},{"label":"Oui","value":"Oui","selected":false,"tempId":"aco_1752","price":"0.5","gt_translate_keys":["label"]}],"priceOptions":"different_for_all","pricingType":"fixed","price":"","cl_rule":"show","col":6,"type":"select","gt_translate_keys":["label"],"price_dependency":false,"cl_dependency":false,"value":""}],[{"active":true,"col":6,"relations":false,"cl_rule":"show","enableCl":false,"price":"","enablePrice":false,"className":"","label_position":"default","desc_position":"default","type":"separator","required":false,"elementId":"separator_6693efd1e99f7b","label":"Separator Field","height":"6","separatorType":"fill","error":false,"separatorColor":"#000000","gt_translate_keys":["label"],"price_dependency":false,"cl_dependency":false,"value":""}],[{"label":"Allerg\u00e9nes","active":true,"required":false,"elementId":"text_9693efd1e99f80","value":"Liste des allerg\u00e8nes dans la description du produit","name":"text_9693efd1e99f80","label_position":"default","desc_position":"default","enablePrice":false,"className":"","enableCl":false,"relations":[{"operator":false,"rules":[{"operator":"AND","rules":{"cl_field":"","cl_relation":"","cl_val":""}}]}],"disable_manual_input":true,"subtype":"text","price":"","cl_rule":"show","col":6,"type":"text","error":false,"hideFieldIn_cart":true,"hideFieldIn_order":true,"gt_translate_keys":["label","value"],"price_dependency":false,"cl_dependency":false}],[{"active":true,"col":6,"relations":false,"cl_rule":"show","enableCl":false,"price":"","enablePrice":false,"className":"","label_position":"default","desc_position":"default","type":"textarea","required":false,"elementId":"textarea_3693efd1e99f86","label":"Pr\u00e9f\u00e9rences pour la livraison et commentaires \u00e9ventuels.","name":"textarea_3693efd1e99f86","value":"","rows":2,"error":false,"isWeightTemplate":false,"isTemplate":false,"min_quantity":"1","quantity_decimal":false,"quantity_step":"1","quantity_label":"Quantity","repeater_field_label":"{field_label}","repeater_bind":"","gt_translate_keys":["label","value","repeater_field_label","quantity_label"],"price_dependency":false,"cl_dependency":false}]]}},"config":{"price_override":"","enable_recaptcha":false,"bind_quantity":false,"quantity_bind_formula":false,"disp_summ_show_option_price":true,"disp_summ_show_product_price":true,"disp_summ_show_total_price":true,"disp_summ_show_fee":false,"disp_summ_show_discount":false,"summary_title":"","options_total_label":"Prix des options","total_label":"Total","options_product_label":"Prix du produit","fee_label":"Fee","discount_label":"Discount","has_price":true,"has_quantity_formula":false},"mc_unit":1,"tax_rate":1,"tax_rate_real":1,"discount":{"percentage":0,"fixed":0},"design":{"conf":{"LabelPosition":"above","DescPosition":"above","UploadField":"custom_1","QuantityFieldStyle":"default"},"css":{"LeftLabelWidth":"120px"}},"formulas":[],"lookuptables":[],"clones":false,"cartKey":false}},"_links":{"self":[{"href":"https:\/\/jeumpa.fr\/index.php\/wp-json\/wp\/v2\/product\/1454","targetHints":{"allow":["GET"]}}],"collection":[{"href":"https:\/\/jeumpa.fr\/index.php\/wp-json\/wp\/v2\/product"}],"about":[{"href":"https:\/\/jeumpa.fr\/index.php\/wp-json\/wp\/v2\/types\/product"}],"replies":[{"embeddable":true,"href":"https:\/\/jeumpa.fr\/index.php\/wp-json\/wp\/v2\/comments?post=1454"}],"wp:featuredmedia":[{"embeddable":true,"href":"https:\/\/jeumpa.fr\/index.php\/wp-json\/wp\/v2\/media\/1554"}],"wp:attachment":[{"href":"https:\/\/jeumpa.fr\/index.php\/wp-json\/wp\/v2\/media?parent=1454"}],"wp:term":[{"taxonomy":"product_brand","embeddable":true,"href":"https:\/\/jeumpa.fr\/index.php\/wp-json\/wp\/v2\/product_brand?post=1454"},{"taxonomy":"product_cat","embeddable":true,"href":"https:\/\/jeumpa.fr\/index.php\/wp-json\/wp\/v2\/product_cat?post=1454"},{"taxonomy":"product_tag","embeddable":true,"href":"https:\/\/jeumpa.fr\/index.php\/wp-json\/wp\/v2\/product_tag?post=1454"}],"curies":[{"name":"wp","href":"https:\/\/api.w.org\/{rel}","templated":true}]}}