
{"id":1007,"date":"2024-12-01T23:13:12","date_gmt":"2024-12-01T22:13:12","guid":{"rendered":"https:\/\/jeumpa.fr\/?post_type=product&#038;p=1007"},"modified":"2024-12-01T23:15:35","modified_gmt":"2024-12-01T22:15:35","slug":"siomay-udang","status":"publish","type":"product","link":"https:\/\/jeumpa.fr\/index.php\/product\/siomay-udang\/","title":{"rendered":"Siomay Udang"},"content":{"rendered":"<p>D\u00e9couvrez ces d\u00e9licieuses bouch\u00e9es indon\u00e9siennes compos\u00e9es de crevettes savoureuses. Parfaites en ap\u00e9ritif ou en plat principal l\u00e9ger.<\/p>\n<p>(vendu par 2)<\/p>\n","protected":false},"excerpt":{"rendered":"<p>D\u00e9couvrez ces d\u00e9licieuses bouch\u00e9es indon\u00e9siennes compos\u00e9es de crevettes savoureuses. Parfaites en ap\u00e9ritif ou en plat principal l\u00e9ger.<\/p>\n<p>(vendu par 2)<\/p>\n","protected":false},"featured_media":1008,"comment_status":"open","ping_status":"closed","template":"","meta":{"jetpack_post_was_ever_published":false},"product_brand":[],"product_cat":[22],"product_tag":[],"class_list":{"0":"post-1007","1":"product","2":"type-product","3":"status-publish","4":"has-post-thumbnail","6":"product_cat-snacks-sales","8":"first","9":"onbackorder","10":"shipping-taxable","11":"purchasable","12":"product-type-simple"},"jetpack_sharing_enabled":true,"wcpa_form_fields":null,"_links":{"self":[{"href":"https:\/\/jeumpa.fr\/index.php\/wp-json\/wp\/v2\/product\/1007","targetHints":{"allow":["GET"]}}],"collection":[{"href":"https:\/\/jeumpa.fr\/index.php\/wp-json\/wp\/v2\/product"}],"about":[{"href":"https:\/\/jeumpa.fr\/index.php\/wp-json\/wp\/v2\/types\/product"}],"replies":[{"embeddable":true,"href":"https:\/\/jeumpa.fr\/index.php\/wp-json\/wp\/v2\/comments?post=1007"}],"wp:featuredmedia":[{"embeddable":true,"href":"https:\/\/jeumpa.fr\/index.php\/wp-json\/wp\/v2\/media\/1008"}],"wp:attachment":[{"href":"https:\/\/jeumpa.fr\/index.php\/wp-json\/wp\/v2\/media?parent=1007"}],"wp:term":[{"taxonomy":"product_brand","embeddable":true,"href":"https:\/\/jeumpa.fr\/index.php\/wp-json\/wp\/v2\/product_brand?post=1007"},{"taxonomy":"product_cat","embeddable":true,"href":"https:\/\/jeumpa.fr\/index.php\/wp-json\/wp\/v2\/product_cat?post=1007"},{"taxonomy":"product_tag","embeddable":true,"href":"https:\/\/jeumpa.fr\/index.php\/wp-json\/wp\/v2\/product_tag?post=1007"}],"curies":[{"name":"wp","href":"https:\/\/api.w.org\/{rel}","templated":true}]}}