
{"id":219,"date":"2017-02-16T12:14:40","date_gmt":"2017-02-16T12:14:40","guid":{"rendered":"https:\/\/raratheme.com\/preview\/restaurant-and-cafe\/?page_id=44"},"modified":"2025-12-23T15:09:00","modified_gmt":"2025-12-23T14:09:00","slug":"services","status":"publish","type":"page","link":"https:\/\/jeumpa.fr\/index.php\/services\/","title":{"rendered":"Commandes et livraisons"},"content":{"rendered":"<div>\n<div class=\"\" dir=\"auto\">\n<div id=\":raf:\" class=\"x1iorvi4 x1pi30zi x1l90r2v x1swvt13\" data-ad-comet-preview=\"message\" data-ad-preview=\"message\">\n<div class=\"x78zum5 xdt5ytf xz62fqu x16ldp7u\">\n<div class=\"xu06os2 x1ok221b\">\n<div class=\"x11i5rnm xat24cr x1mh8g0r x1vvkbs xtlvy1s x126k92a\">\n<div dir=\"auto\">Tout est cuisin\u00e9 sur demande.<\/div>\n<div dir=\"auto\">Le d\u00e9lai de pr\u00e9paration est en g\u00e9n\u00e9ral inf\u00e9rieur \u00e0 24h.<\/div>\n<div dir=\"auto\">Pr\u00e9voir le d\u00e9lai pour l&rsquo;acheminement\/livraison en plus.<\/div>\n<\/div>\n<\/div>\n<\/div>\n<\/div>\n<\/div>\n<\/div>\n<div dir=\"auto\"><\/div>\n<div dir=\"auto\">La commande minimum est de 25 euros.<\/div>\n<div dir=\"auto\"><\/div>\n<div dir=\"auto\"><strong>Concernant les livraisons :<\/strong><\/div>\n<div>\n<div id=\":rag:\" class=\"x1n2onr6\">\n<div class=\"x1n2onr6\">\n<div class=\"x6s0dn4 x1jx94hy x78zum5 xdt5ytf x6ikm8r x10wlt62 x1n2onr6 xh8yej3\">\n<div>&#8211; elles sont gratuites \u00e0 Carquefou pour toute commande sup\u00e9rieure \u00e0 25 euros.<\/div>\n<div>&#8211; Voir tableau ci-dessous pour les d\u00e9tails<\/div>\n<\/div>\n<div class=\"x6s0dn4 x1jx94hy x78zum5 xdt5ytf x6ikm8r x10wlt62 x1n2onr6 xh8yej3\">\n<div><\/div>\n<\/div>\n<div><strong>Nous proposons aussi de vous exp\u00e9dier les produits par voie postale.<\/strong><\/div>\n<div>Les d\u00e9tails et les tarifs sont normalement calcul\u00e9s dans le formulaire d&rsquo;exp\u00e9dition et de commande.<\/div>\n<div>Les tarifs sont ceux de chronofresh &#8211; Exp\u00e9dition dans des conditions assurant une continuit\u00e9 de la chaine du froid.<\/div>\n<\/div>\n<div><\/div>\n<div>D\u00e9tails des frais de livraison :<\/div>\n<\/div>\n<\/div>\n<div><\/div>\n<div>\n<div><img loading=\"lazy\" decoding=\"async\" class=\"alignnone size-full wp-image-1770\" src=\"https:\/\/jeumpa.fr\/wp-content\/uploads\/2025\/12\/livraison.png\" alt=\"\" width=\"713\" height=\"332\" srcset=\"https:\/\/jeumpa.fr\/wp-content\/uploads\/2025\/12\/livraison.png 713w, https:\/\/jeumpa.fr\/wp-content\/uploads\/2025\/12\/livraison-300x140.png 300w, https:\/\/jeumpa.fr\/wp-content\/uploads\/2025\/12\/livraison-600x279.png 600w\" sizes=\"auto, (max-width: 713px) 100vw, 713px\" \/><\/div>\n<div><\/div>\n<div id=\":rag:\" class=\"x1n2onr6\">\n<div class=\"x1n2onr6\">\n<div class=\"x6s0dn4 x1jx94hy x78zum5 xdt5ytf x6ikm8r x10wlt62 x1n2onr6 xh8yej3\">\n<div><\/div>\n<\/div>\n<div class=\"xua58t2 xzg4506 x1ey2m1c xds687c x47corl x10l6tqk x17qophe x13vifvy\"><\/div>\n<div class=\"x1ey2m1c xds687c x17qophe xg01cxk x47corl x10l6tqk x13vifvy x1ebt8du x19991ni x1dhq9h x1o1ewxj x3x9cwd x1e5q0jg x13rtm0m\" role=\"none\" data-visualcompletion=\"ignore\"><\/div>\n<\/div>\n<div class=\"x6ikm8r x10wlt62\"><\/div>\n<\/div>\n<\/div>\n<div>\n<div class=\"x168nmei x13lgxp2 x30kzoy x9jhf4c x6ikm8r x10wlt62\" data-visualcompletion=\"ignore-dynamic\">\n<div>\n<div>\n<div>\n<div class=\"xq8finb x16n37ib\">\n<div class=\"x9f619 x1n2onr6 x1ja2u2z x78zum5 x2lah0s x1qughib x1qjc9v5 xozqiw3 x1q0g3np x150jy0e x1e558r4 xjkvuk6 x1iorvi4 xwrv7xz x8182xy x4cne27 xifccgj\">\n<div class=\"x9f619 x1n2onr6 x1ja2u2z x78zum5 xdt5ytf x193iq5w xeuugli x1r8uery x1iyjqo2 xs83m0k xg83lxy x1h0ha7o x10b6aqq x1yrsyyn\">\n<div class=\"x1i10hfl x1qjc9v5 xjbqb8w xjqpnuy xa49m3k xqeqjp1 x2hbi6w x13fuv20 xu3j5b3 x1q0q8m5 x26u7qi x972fbf xcfux6l x1qhh985 xm0m39n x9f619 x1ypdohk xdl72j9 x2lah0s xe8uvvx xdj266r x11i5rnm xat24cr x1mh8g0r x2lwn1j xeuugli xexx8yu x4uap5 x18d9i69 xkhd6sd x1n2onr6 x16tdsg8 x1hl2dhg x1ja2u2z x1t137rt x1o1ewxj x3x9cwd x1e5q0jg x13rtm0m x3nfvp2 x1q0g3np x87ps6o x1lku1pv x1a2a7pz x5ve5x3\" tabindex=\"0\" role=\"button\" aria-label=\"Like\">\n<div class=\"x9f619 x1n2onr6 x1ja2u2z x78zum5 x1r8uery x1iyjqo2 xs83m0k xeuugli xl56j7k x6s0dn4 xozqiw3 x1q0g3np xn6708d x1ye3gou xexx8yu xcud41i x139jcc6 x4cne27 xifccgj xn3w4p2 xuxw1ft\">\n<div class=\"x9f619 x1n2onr6 x1ja2u2z x78zum5 xdt5ytf x2lah0s x193iq5w xeuugli x150jy0e x1e558r4 x10b6aqq x1yrsyyn\"><\/div>\n<\/div>\n<\/div>\n<\/div>\n<div class=\"x9f619 x1n2onr6 x1ja2u2z x78zum5 xdt5ytf x193iq5w xeuugli x1r8uery x1iyjqo2 xs83m0k xg83lxy x1h0ha7o x10b6aqq x1yrsyyn\">\n<div class=\"x1i10hfl x1qjc9v5 xjbqb8w xjqpnuy xa49m3k xqeqjp1 x2hbi6w x13fuv20 xu3j5b3 x1q0q8m5 x26u7qi x972fbf xcfux6l x1qhh985 xm0m39n x9f619 x1ypdohk xdl72j9 x2lah0s xe8uvvx xdj266r x11i5rnm xat24cr x1mh8g0r x2lwn1j xeuugli xexx8yu x4uap5 x18d9i69 xkhd6sd x1n2onr6 x16tdsg8 x1hl2dhg xggy1nq x1ja2u2z x1t137rt x1o1ewxj x3x9cwd x1e5q0jg x13rtm0m x3nfvp2 x1q0g3np x87ps6o x1lku1pv x1a2a7pz\" tabindex=\"0\" role=\"button\" aria-label=\"Send this to friends or post it on your profile.\">\n<div class=\"x9f619 x1n2onr6 x1ja2u2z x78zum5 x1r8uery x1iyjqo2 xs83m0k xeuugli xl56j7k x6s0dn4 xozqiw3 x1q0g3np xn6708d x1ye3gou xexx8yu xcud41i x139jcc6 x4cne27 xifccgj xn3w4p2 xuxw1ft\">\n<div class=\"x9f619 x1n2onr6 x1ja2u2z x78zum5 xdt5ytf x2lah0s x193iq5w xeuugli x150jy0e x1e558r4 x10b6aqq x1yrsyyn\"><\/div>\n<\/div>\n<div class=\"x1ey2m1c xds687c x17qophe xg01cxk x47corl x10l6tqk x13vifvy x1ebt8du x19991ni x1dhq9h x1o1ewxj x3x9cwd x1e5q0jg x13rtm0m\" role=\"none\" data-visualcompletion=\"ignore\"><\/div>\n<\/div>\n<\/div>\n<\/div>\n<\/div>\n<\/div>\n<\/div>\n<div class=\"xzueoph\"><\/div>\n<\/div>\n<\/div>\n<\/div>\n","protected":false},"excerpt":{"rendered":"<p>Tout est cuisin\u00e9 sur demande. Le d\u00e9lai de pr\u00e9paration est en g\u00e9n\u00e9ral inf\u00e9rieur \u00e0 24h. Pr\u00e9voir le d\u00e9lai pour l&rsquo;acheminement\/livraison en plus. La commande minimum est de 25 euros. Concernant les livraisons : &#8211; elles sont gratuites \u00e0 Carquefou pour toute commande sup\u00e9rieure \u00e0 25 &hellip; <\/p>\n","protected":false},"author":1,"featured_media":0,"parent":0,"menu_order":0,"comment_status":"closed","ping_status":"closed","template":"","meta":{"jetpack_post_was_ever_published":false,"footnotes":""},"class_list":["post-219","page","type-page","status-publish","hentry"],"jetpack_sharing_enabled":true,"_links":{"self":[{"href":"https:\/\/jeumpa.fr\/index.php\/wp-json\/wp\/v2\/pages\/219","targetHints":{"allow":["GET"]}}],"collection":[{"href":"https:\/\/jeumpa.fr\/index.php\/wp-json\/wp\/v2\/pages"}],"about":[{"href":"https:\/\/jeumpa.fr\/index.php\/wp-json\/wp\/v2\/types\/page"}],"author":[{"embeddable":true,"href":"https:\/\/jeumpa.fr\/index.php\/wp-json\/wp\/v2\/users\/1"}],"replies":[{"embeddable":true,"href":"https:\/\/jeumpa.fr\/index.php\/wp-json\/wp\/v2\/comments?post=219"}],"version-history":[{"count":17,"href":"https:\/\/jeumpa.fr\/index.php\/wp-json\/wp\/v2\/pages\/219\/revisions"}],"predecessor-version":[{"id":1771,"href":"https:\/\/jeumpa.fr\/index.php\/wp-json\/wp\/v2\/pages\/219\/revisions\/1771"}],"wp:attachment":[{"href":"https:\/\/jeumpa.fr\/index.php\/wp-json\/wp\/v2\/media?parent=219"}],"curies":[{"name":"wp","href":"https:\/\/api.w.org\/{rel}","templated":true}]}}